{"id":14763,"date":"2018-10-30T23:36:06","date_gmt":"2018-10-30T21:36:06","guid":{"rendered":"https:\/\/animus.com.gr\/?page_id=14763"},"modified":"2018-10-31T02:44:20","modified_gmt":"2018-10-31T00:44:20","slug":"ziel-und-vision","status":"publish","type":"page","link":"https:\/\/animus.com.gr\/de\/animus-zentrum\/ziel-und-vision\/","title":{"rendered":"Ziel und Vision"},"content":{"rendered":"<div class=\"fusion-fullwidth fullwidth-box fusion-builder-row-1 nonhundred-percent-fullwidth non-hundred-percent-height-scrolling\" style=\"--awb-border-radius-top-left:0px;--awb-border-radius-top-right:0px;--awb-border-radius-bottom-right:0px;--awb-border-radius-bottom-left:0px;--awb-padding-top:100px;--awb-padding-bottom:50px;--awb-background-color:#f7f7f7;--awb-border-sizes-top:0px;--awb-border-sizes-bottom:0px;--awb-flex-wrap:wrap;\" ><div class=\"fusion-builder-row fusion-row\"><div class=\"fusion-layout-column fusion_builder_column fusion-builder-column-0 fusion_builder_column_3_4 3_4 fusion-three-fourth fusion-column-first\" style=\"--awb-bg-size:cover;width:75%;width:calc(75% - ( ( 10% ) * 0.75 ) );margin-right: 10%;\"><div class=\"fusion-column-wrapper fusion-flex-column-wrapper-legacy\"><div class=\"fusion-text fusion-text-1\"><h2 class=\"csc-firstHeader\">Das Ziel<\/h2>\n<\/div><div class=\"fusion-sep-clear\"><\/div><div class=\"fusion-separator fusion-clearfix\" style=\"float:left;margin-top:0px;margin-bottom:30px;width:100%;max-width:280px;\"><div class=\"fusion-separator-border sep-single sep-solid\" style=\"--awb-height:20px;--awb-amount:20px;--awb-sep-color:#d1d1d1;border-color:#d1d1d1;border-top-width:2px;\"><\/div><\/div><div class=\"fusion-sep-clear\"><\/div><div class=\"fusion-text fusion-text-2\"><p>Das Ziel des Rehabilitationszentrums\u00a0<strong>ANIMUS<\/strong>\u00a0ist es, den\u00a0<strong>PHYSIKALISCHEN<\/strong>,\u00a0<strong>EMOTIONALEN<\/strong>,\u00a0<strong>PSYCHOLOGISCHEN<\/strong>\u00a0und\u00a0<strong>MENTALEN<\/strong>\u00a0Zustand dieser Patienten zu verbessern, welche die Wiederherstellung ihrer Gesundheit nach einer schweren Krankheit, einem Unfall, usw. brauchen.<\/p>\n<p>Wir versuchen auch zu der\u00a0<strong>Verbesserung des Alltags<\/strong>\u00a0und der\u00a0<strong>sozialen<\/strong>\u00a0und\u00a0<strong>beruflichen Wiedereingliederung<\/strong>\u00a0unserer Patienten beizutragen.<\/p>\n<h4>SELBSTBEDIENUNG \u2013 UNABH\u00c4NGIGKEIT \u2013 LEBENSQUALIT\u00c4T<\/h4>\n<p>Das Team des Erholungs- und Rehabilitationszentrums\u00a0<strong>ANIMUS<\/strong>\u00a0richtet sich nach den Patienten und ihren Bed\u00fcrfnissen und versucht immer Gesundheitsdienstleistungen von h\u00f6chster Qualit\u00e4t zu bieten.<\/p>\n<\/div><div class=\"fusion-sep-clear\"><\/div><div class=\"fusion-separator fusion-full-width-sep\" style=\"margin-left: auto;margin-right: auto;margin-top:25px;margin-bottom:25px;width:100%;\"><\/div><div class=\"fusion-sep-clear\"><\/div><div class=\"fusion-text fusion-text-3\"><h2 style=\"text-align: left;\">Die Vision<\/h2>\n<\/div><div class=\"fusion-sep-clear\"><\/div><div class=\"fusion-separator fusion-clearfix\" style=\"float:left;margin-top:0px;margin-bottom:30px;width:100%;max-width:280px;\"><div class=\"fusion-separator-border sep-single sep-solid\" style=\"--awb-height:20px;--awb-amount:20px;--awb-sep-color:#d1d1d1;border-color:#d1d1d1;border-top-width:2px;\"><\/div><\/div><div class=\"fusion-sep-clear\"><\/div><div class=\"fusion-text fusion-text-4\"><p>Die Leitung, das medizinische Team und die Mitarbeiter des Zentrums tr\u00e4umen davon, dass\u00a0<strong>ANIMUS<\/strong>\u00a0zu dem gr\u00f6\u00dften Privattr\u00e4ger von Rehabilitationsleistungen Griechenlands sich entwickelt und Leistungen nach internationalen Standards unter Ber\u00fccksichtigung der modernsten wissenschaftlichen Entwicklungen und Technologien bietet.<\/p>\n<\/div><div class=\"fusion-clearfix\"><\/div><\/div><\/div><div class=\"fusion-layout-column fusion_builder_column fusion-builder-column-1 fusion_builder_column_1_4 1_4 fusion-one-fourth fusion-column-last\" style=\"--awb-bg-size:cover;width:25%;width:calc(25% - ( ( 10% ) * 0.25 ) );\"><div class=\"fusion-column-wrapper fusion-flex-column-wrapper-legacy\"><div class=\"fusion-text fusion-text-5\"><h4 style=\"text-align: left;\">Das Zentrum<\/h4>\n<\/div><div class=\"fusion-sep-clear\"><\/div><div class=\"fusion-separator fusion-clearfix\" style=\"float:left;margin-top:0px;margin-bottom:30px;width:100%;max-width:280px;\"><div class=\"fusion-separator-border sep-single sep-solid\" style=\"--awb-height:20px;--awb-amount:20px;--awb-sep-color:#d1d1d1;border-color:#d1d1d1;border-top-width:2px;\"><\/div><\/div><div class=\"fusion-sep-clear\"><\/div><div class=\"fusion-widget-area awb-widget-area-element fusion-widget-area-1 fusion-content-widget-area\" style=\"--awb-title-size:18px;--awb-title-color:#333c4e;--awb-padding:0px 0px 0px 0px;\"><style type=\"text\/css\" data-id=\"avada-vertical-menu-widget-2\">#avada-vertical-menu-widget-2 > ul.menu { margin-top: -8px; }<\/style><div id=\"avada-vertical-menu-widget-2\" class=\"widget avada_vertical_menu\"><style>#fusion-vertical-menu-widget-avada-vertical-menu-widget-2-nav ul.menu li a {font-size:14px;}<\/style><nav id=\"fusion-vertical-menu-widget-avada-vertical-menu-widget-2-nav\" class=\"fusion-vertical-menu-widget fusion-menu hover left no-border\" aria-label=\"Secondary Navigation: \"><ul id=\"menu-to_kentro_de\" class=\"menu\"><li id=\"menu-item-14954\" class=\"menu-item menu-item-type-post_type menu-item-object-page menu-item-14954\"><a href=\"https:\/\/animus.com.gr\/de\/animus-zentrum\/ueber-das-zentrum\/\"><span class=\"link-text\"> \u00dcber das Zentrum<\/span><span class=\"arrow\"><\/span><\/a><\/li><li id=\"menu-item-14946\" class=\"menu-item menu-item-type-post_type menu-item-object-page menu-item-has-children menu-item-14946\"><a href=\"https:\/\/animus.com.gr\/de\/animus-zentrum\/anlagen\/\"><span class=\"link-text\"> Anlagen<\/span><span class=\"arrow\"><\/span><\/a><ul class=\"sub-menu\"><li id=\"menu-item-14947\" class=\"menu-item menu-item-type-post_type menu-item-object-page menu-item-14947\"><a href=\"https:\/\/animus.com.gr\/de\/animus-zentrum\/anlagen\/aussen\/\"><span class=\"link-text\"> Au\u00dfen<\/span><span class=\"arrow\"><\/span><\/a><\/li><li id=\"menu-item-14948\" class=\"menu-item menu-item-type-post_type menu-item-object-page menu-item-14948\"><a href=\"https:\/\/animus.com.gr\/de\/animus-zentrum\/anlagen\/die-zimmer\/\"><span class=\"link-text\"> Die Zimmer<\/span><span class=\"arrow\"><\/span><\/a><\/li><li id=\"menu-item-14949\" class=\"menu-item menu-item-type-post_type menu-item-object-page menu-item-14949\"><a href=\"https:\/\/animus.com.gr\/de\/animus-zentrum\/anlagen\/innere\/\"><span class=\"link-text\"> Innere<\/span><span class=\"arrow\"><\/span><\/a><\/li><li id=\"menu-item-14950\" class=\"menu-item menu-item-type-post_type menu-item-object-page menu-item-14950\"><a href=\"https:\/\/animus.com.gr\/de\/animus-zentrum\/anlagen\/theater\/\"><span class=\"link-text\"> Theater<\/span><span class=\"arrow\"><\/span><\/a><\/li><\/ul><\/li><li id=\"menu-item-14953\" class=\"menu-item menu-item-type-post_type menu-item-object-page menu-item-14953\"><a href=\"https:\/\/animus.com.gr\/de\/animus-zentrum\/ziel-und-vision\/\"><span class=\"link-text\"> Ziel und Vision<\/span><span class=\"arrow\"><\/span><\/a><\/li><li id=\"menu-item-14951\" class=\"menu-item menu-item-type-post_type menu-item-object-page menu-item-14951\"><a href=\"https:\/\/animus.com.gr\/de\/animus-zentrum\/iso-zertifizierung\/\"><span class=\"link-text\"> ISO-Zertifizierung<\/span><span class=\"arrow\"><\/span><\/a><\/li><\/ul><\/nav><\/div><div class=\"fusion-additional-widget-content\"><\/div><\/div><div class=\"fusion-clearfix\"><\/div><\/div><\/div><\/div><\/div>\n","protected":false},"excerpt":{"rendered":"","protected":false},"author":1,"featured_media":0,"parent":14745,"menu_order":0,"comment_status":"closed","ping_status":"closed","template":"100-width.php","meta":{"footnotes":""},"class_list":["post-14763","page","type-page","status-publish","hentry"],"yoast_head":"<!-- This site is optimized with the Yoast SEO plugin v24.8.1 - https:\/\/yoast.com\/wordpress\/plugins\/seo\/ -->\n<title>Ziel und Vision - Animus<\/title>\n<meta name=\"robots\" content=\"index, follow, max-snippet:-1, max-image-preview:large, max-video-preview:-1\" \/>\n<link rel=\"canonical\" href=\"https:\/\/animus.com.gr\/de\/animus-zentrum\/ziel-und-vision\/\" \/>\n<meta property=\"og:locale\" content=\"de_DE\" \/>\n<meta property=\"og:type\" content=\"article\" \/>\n<meta property=\"og:title\" content=\"Ziel und Vision - Animus\" \/>\n<meta property=\"og:url\" content=\"https:\/\/animus.com.gr\/de\/animus-zentrum\/ziel-und-vision\/\" \/>\n<meta property=\"og:site_name\" content=\"Animus\" \/>\n<meta property=\"article:modified_time\" content=\"2018-10-31T00:44:20+00:00\" \/>\n<meta name=\"twitter:card\" content=\"summary_large_image\" \/>\n<meta name=\"twitter:label1\" content=\"Gesch\u00e4tzte Lesezeit\" \/>\n\t<meta name=\"twitter:data1\" content=\"3\u00a0Minuten\" \/>\n<script type=\"application\/ld+json\" class=\"yoast-schema-graph\">{\"@context\":\"https:\/\/schema.org\",\"@graph\":[{\"@type\":\"WebPage\",\"@id\":\"https:\/\/animus.com.gr\/de\/animus-zentrum\/ziel-und-vision\/\",\"url\":\"https:\/\/animus.com.gr\/de\/animus-zentrum\/ziel-und-vision\/\",\"name\":\"Ziel und Vision - Animus\",\"isPartOf\":{\"@id\":\"https:\/\/animus.com.gr\/#website\"},\"datePublished\":\"2018-10-30T21:36:06+00:00\",\"dateModified\":\"2018-10-31T00:44:20+00:00\",\"breadcrumb\":{\"@id\":\"https:\/\/animus.com.gr\/de\/animus-zentrum\/ziel-und-vision\/#breadcrumb\"},\"inLanguage\":\"de\",\"potentialAction\":[{\"@type\":\"ReadAction\",\"target\":[\"https:\/\/animus.com.gr\/de\/animus-zentrum\/ziel-und-vision\/\"]}]},{\"@type\":\"BreadcrumbList\",\"@id\":\"https:\/\/animus.com.gr\/de\/animus-zentrum\/ziel-und-vision\/#breadcrumb\",\"itemListElement\":[{\"@type\":\"ListItem\",\"position\":1,\"name\":\"Home\",\"item\":\"https:\/\/animus.com.gr\/de\/\"},{\"@type\":\"ListItem\",\"position\":2,\"name\":\"ANIMUS Zentrum\",\"item\":\"https:\/\/animus.com.gr\/de\/animus-zentrum\/\"},{\"@type\":\"ListItem\",\"position\":3,\"name\":\"Ziel und Vision\"}]},{\"@type\":\"WebSite\",\"@id\":\"https:\/\/animus.com.gr\/#website\",\"url\":\"https:\/\/animus.com.gr\/\",\"name\":\"Animus\",\"description\":\"\u039a\u03ad\u03bd\u03c4\u03c1\u03bf \u0391\u03c0\u03bf\u03ba\u03b1\u03c4\u03ac\u03c3\u03c4\u03b1\u03c3\u03b7\u03c2 &amp; \u0391\u03c0\u03bf\u03b8\u03b5\u03c1\u03b1\u03c0\u03b5\u03af\u03b1\u03c2\",\"potentialAction\":[{\"@type\":\"SearchAction\",\"target\":{\"@type\":\"EntryPoint\",\"urlTemplate\":\"https:\/\/animus.com.gr\/?s={search_term_string}\"},\"query-input\":{\"@type\":\"PropertyValueSpecification\",\"valueRequired\":true,\"valueName\":\"search_term_string\"}}],\"inLanguage\":\"de\"}]}<\/script>\n<!-- \/ Yoast SEO plugin. -->","yoast_head_json":{"title":"Ziel und Vision - Animus","robots":{"index":"index","follow":"follow","max-snippet":"max-snippet:-1","max-image-preview":"max-image-preview:large","max-video-preview":"max-video-preview:-1"},"canonical":"https:\/\/animus.com.gr\/de\/animus-zentrum\/ziel-und-vision\/","og_locale":"de_DE","og_type":"article","og_title":"Ziel und Vision - Animus","og_url":"https:\/\/animus.com.gr\/de\/animus-zentrum\/ziel-und-vision\/","og_site_name":"Animus","article_modified_time":"2018-10-31T00:44:20+00:00","twitter_card":"summary_large_image","twitter_misc":{"Gesch\u00e4tzte Lesezeit":"3\u00a0Minuten"},"schema":{"@context":"https:\/\/schema.org","@graph":[{"@type":"WebPage","@id":"https:\/\/animus.com.gr\/de\/animus-zentrum\/ziel-und-vision\/","url":"https:\/\/animus.com.gr\/de\/animus-zentrum\/ziel-und-vision\/","name":"Ziel und Vision - Animus","isPartOf":{"@id":"https:\/\/animus.com.gr\/#website"},"datePublished":"2018-10-30T21:36:06+00:00","dateModified":"2018-10-31T00:44:20+00:00","breadcrumb":{"@id":"https:\/\/animus.com.gr\/de\/animus-zentrum\/ziel-und-vision\/#breadcrumb"},"inLanguage":"de","potentialAction":[{"@type":"ReadAction","target":["https:\/\/animus.com.gr\/de\/animus-zentrum\/ziel-und-vision\/"]}]},{"@type":"BreadcrumbList","@id":"https:\/\/animus.com.gr\/de\/animus-zentrum\/ziel-und-vision\/#breadcrumb","itemListElement":[{"@type":"ListItem","position":1,"name":"Home","item":"https:\/\/animus.com.gr\/de\/"},{"@type":"ListItem","position":2,"name":"ANIMUS Zentrum","item":"https:\/\/animus.com.gr\/de\/animus-zentrum\/"},{"@type":"ListItem","position":3,"name":"Ziel und Vision"}]},{"@type":"WebSite","@id":"https:\/\/animus.com.gr\/#website","url":"https:\/\/animus.com.gr\/","name":"Animus","description":"\u039a\u03ad\u03bd\u03c4\u03c1\u03bf \u0391\u03c0\u03bf\u03ba\u03b1\u03c4\u03ac\u03c3\u03c4\u03b1\u03c3\u03b7\u03c2 &amp; \u0391\u03c0\u03bf\u03b8\u03b5\u03c1\u03b1\u03c0\u03b5\u03af\u03b1\u03c2","potentialAction":[{"@type":"SearchAction","target":{"@type":"EntryPoint","urlTemplate":"https:\/\/animus.com.gr\/?s={search_term_string}"},"query-input":{"@type":"PropertyValueSpecification","valueRequired":true,"valueName":"search_term_string"}}],"inLanguage":"de"}]}},"_links":{"self":[{"href":"https:\/\/animus.com.gr\/de\/wp-json\/wp\/v2\/pages\/14763","targetHints":{"allow":["GET"]}}],"collection":[{"href":"https:\/\/animus.com.gr\/de\/wp-json\/wp\/v2\/pages"}],"about":[{"href":"https:\/\/animus.com.gr\/de\/wp-json\/wp\/v2\/types\/page"}],"author":[{"embeddable":true,"href":"https:\/\/animus.com.gr\/de\/wp-json\/wp\/v2\/users\/1"}],"replies":[{"embeddable":true,"href":"https:\/\/animus.com.gr\/de\/wp-json\/wp\/v2\/comments?post=14763"}],"version-history":[{"count":2,"href":"https:\/\/animus.com.gr\/de\/wp-json\/wp\/v2\/pages\/14763\/revisions"}],"predecessor-version":[{"id":14956,"href":"https:\/\/animus.com.gr\/de\/wp-json\/wp\/v2\/pages\/14763\/revisions\/14956"}],"up":[{"embeddable":true,"href":"https:\/\/animus.com.gr\/de\/wp-json\/wp\/v2\/pages\/14745"}],"wp:attachment":[{"href":"https:\/\/animus.com.gr\/de\/wp-json\/wp\/v2\/media?parent=14763"}],"curies":[{"name":"wp","href":"https:\/\/api.w.org\/{rel}","templated":true}]}}