{"id":14813,"date":"2018-10-31T00:47:00","date_gmt":"2018-10-30T22:47:00","guid":{"rendered":"https:\/\/animus.com.gr\/?page_id=14813"},"modified":"2018-10-31T00:54:36","modified_gmt":"2018-10-30T22:54:36","slug":"erkrankungen","status":"publish","type":"page","link":"https:\/\/animus.com.gr\/de\/erkrankungen\/","title":{"rendered":"Erkrankungen"},"content":{"rendered":"<div class=\"fusion-fullwidth fullwidth-box fusion-builder-row-1 nonhundred-percent-fullwidth non-hundred-percent-height-scrolling\" style=\"--awb-border-radius-top-left:0px;--awb-border-radius-top-right:0px;--awb-border-radius-bottom-right:0px;--awb-border-radius-bottom-left:0px;--awb-padding-top:100px;--awb-padding-bottom:50px;--awb-background-color:#f7f7f7;--awb-border-sizes-top:0px;--awb-border-sizes-bottom:0px;--awb-flex-wrap:wrap;\" ><div class=\"fusion-builder-row fusion-row\"><div class=\"fusion-layout-column fusion_builder_column fusion-builder-column-0 fusion_builder_column_1_3 1_3 fusion-one-third fusion-column-first\" style=\"--awb-bg-size:cover;width:33.333333333333%;width:calc(33.333333333333% - ( ( 4% + 10% ) * 0.33333333333333 ) );margin-right: 4%;\"><div class=\"fusion-column-wrapper fusion-flex-column-wrapper-legacy\"><div class=\"fusion-clearfix\"><\/div><\/div><\/div><div class=\"fusion-layout-column fusion_builder_column fusion-builder-column-1 fusion_builder_column_1_3 1_3 fusion-one-third\" style=\"--awb-bg-size:cover;width:33.333333333333%;width:calc(33.333333333333% - ( ( 4% + 10% ) * 0.33333333333333 ) );margin-right: 10%;\"><div class=\"fusion-column-wrapper fusion-flex-column-wrapper-legacy\"><div class=\"accordian fusion-accordian\" style=\"--awb-border-size:1px;--awb-icon-size:13px;--awb-content-font-size:17px;--awb-icon-alignment:left;--awb-hover-color:#f9f9f9;--awb-border-color:#cccccc;--awb-background-color:#ffffff;--awb-divider-color:#e0dede;--awb-divider-hover-color:#e0dede;--awb-icon-color:#ffffff;--awb-title-color:#2b2b2b;--awb-content-color:#7e8890;--awb-icon-box-color:#b0cb36;--awb-toggle-hover-accent-color:#1d0974;--awb-title-font-family:&quot;Fira Sans Condensed&quot;;--awb-title-font-weight:400;--awb-title-font-style:normal;--awb-title-font-size:18px;--awb-content-font-family:&quot;Fira Sans Condensed&quot;;--awb-content-font-style:normal;--awb-content-font-weight:300;\"><div class=\"panel-group fusion-toggle-icon-boxed\" id=\"accordion-14813-1\"><div class=\"fusion-panel panel-default panel-26530c80617c8023a fusion-toggle-has-divider\"><div class=\"panel-heading\"><h4 class=\"panel-title toggle\" id=\"toggle_26530c80617c8023a\"><a aria-expanded=\"false\" aria-controls=\"26530c80617c8023a\" role=\"button\" data-toggle=\"collapse\" data-parent=\"#accordion-14813-1\" data-target=\"#26530c80617c8023a\" href=\"#26530c80617c8023a\"><span class=\"fusion-toggle-icon-wrapper\" aria-hidden=\"true\"><i class=\"fa-fusion-box active-icon awb-icon-minus\" aria-hidden=\"true\"><\/i><i class=\"fa-fusion-box inactive-icon awb-icon-plus\" aria-hidden=\"true\"><\/i><\/span><span class=\"fusion-toggle-heading\">Erkrankungen des Nervensystems<\/span><\/a><\/h4><\/div><div id=\"26530c80617c8023a\" class=\"panel-collapse collapse \" aria-labelledby=\"toggle_26530c80617c8023a\"><div class=\"panel-body toggle-content fusion-clearfix\">\n<ul>\n<li>Haemorrhagischer Infarkt<\/li>\n<li>Isch\u00e4mischer Hirninfarkt<\/li>\n<li>Erkrankungen und Verletzungen des R\u00fcckenmarks<\/li>\n<li>Multiple Sklerose<\/li>\n<li>Parkinson-Krankheit<\/li>\n<li>Sch\u00e4delhirnverletzungen<\/li>\n<li>Neuritis, Polyneuritis<\/li>\n<li>Polyradikuloneuritis<\/li>\n<li>Degenerative Krankheiten des Nervensystems<\/li>\n<li>Kongenitale oder famili\u00e4re Erkrankungen<\/li>\n<li>Tumoren des Nervensystems<\/li>\n<\/ul>\n<\/div><\/div><\/div><div class=\"fusion-panel panel-default panel-d5f16bb2dde92e493 fusion-toggle-has-divider\"><div class=\"panel-heading\"><h4 class=\"panel-title toggle\" id=\"toggle_d5f16bb2dde92e493\"><a aria-expanded=\"false\" aria-controls=\"d5f16bb2dde92e493\" role=\"button\" data-toggle=\"collapse\" data-parent=\"#accordion-14813-1\" data-target=\"#d5f16bb2dde92e493\" href=\"#d5f16bb2dde92e493\"><span class=\"fusion-toggle-icon-wrapper\" aria-hidden=\"true\"><i class=\"fa-fusion-box active-icon awb-icon-minus\" aria-hidden=\"true\"><\/i><i class=\"fa-fusion-box inactive-icon awb-icon-plus\" aria-hidden=\"true\"><\/i><\/span><span class=\"fusion-toggle-heading\">Lungenerkrankungen<\/span><\/a><\/h4><\/div><div id=\"d5f16bb2dde92e493\" class=\"panel-collapse collapse \" aria-labelledby=\"toggle_d5f16bb2dde92e493\"><div class=\"panel-body toggle-content fusion-clearfix\">\n<ul>\n<li>Chronische respiratorische Insuffizienz<\/li>\n<li>Fibrozystische Lungenkrankheit<\/li>\n<li>Asthma<\/li>\n<\/ul>\n<\/div><\/div><\/div><div class=\"fusion-panel panel-default panel-67fa019eff9f2af98 fusion-toggle-has-divider\"><div class=\"panel-heading\"><h4 class=\"panel-title toggle\" id=\"toggle_67fa019eff9f2af98\"><a aria-expanded=\"false\" aria-controls=\"67fa019eff9f2af98\" role=\"button\" data-toggle=\"collapse\" data-parent=\"#accordion-14813-1\" data-target=\"#67fa019eff9f2af98\" href=\"#67fa019eff9f2af98\"><span class=\"fusion-toggle-icon-wrapper\" aria-hidden=\"true\"><i class=\"fa-fusion-box active-icon awb-icon-minus\" aria-hidden=\"true\"><\/i><i class=\"fa-fusion-box inactive-icon awb-icon-plus\" aria-hidden=\"true\"><\/i><\/span><span class=\"fusion-toggle-heading\">Neuromuskul\u00e4re Erkrankungen<\/span><\/a><\/h4><\/div><div id=\"67fa019eff9f2af98\" class=\"panel-collapse collapse \" aria-labelledby=\"toggle_67fa019eff9f2af98\"><div class=\"panel-body toggle-content fusion-clearfix\">\n<ul>\n<li>Patienten mit Mehrfachverletzungen<\/li>\n<li>Knochenbr\u00fcche<\/li>\n<li>Verletzungen der Wirbels\u00e4ule<\/li>\n<li>Amputationen<\/li>\n<li>Osteoporose<\/li>\n<li>Degenerative Arthropathie<\/li>\n<li>Rheumatische Erkrankungen<\/li>\n<li>Lumbago<\/li>\n<li>Zervikodynie<\/li>\n<li>Sportverletzungen<\/li>\n<li>Postoperative Rehabilitation nach Arthroplastik, Bandscheidenvorfall, B\u00e4nderplastik<\/li>\n<\/ul>\n<\/div><\/div><\/div><div class=\"fusion-panel panel-default panel-52cdfae7309ba3b20 fusion-toggle-has-divider\"><div class=\"panel-heading\"><h4 class=\"panel-title toggle\" id=\"toggle_52cdfae7309ba3b20\"><a aria-expanded=\"false\" aria-controls=\"52cdfae7309ba3b20\" role=\"button\" data-toggle=\"collapse\" data-parent=\"#accordion-14813-1\" data-target=\"#52cdfae7309ba3b20\" href=\"#52cdfae7309ba3b20\"><span class=\"fusion-toggle-icon-wrapper\" aria-hidden=\"true\"><i class=\"fa-fusion-box active-icon awb-icon-minus\" aria-hidden=\"true\"><\/i><i class=\"fa-fusion-box inactive-icon awb-icon-plus\" aria-hidden=\"true\"><\/i><\/span><span class=\"fusion-toggle-heading\">Multisystemerkrankungen<\/span><\/a><\/h4><\/div><div id=\"52cdfae7309ba3b20\" class=\"panel-collapse collapse \" aria-labelledby=\"toggle_52cdfae7309ba3b20\"><div class=\"panel-body toggle-content fusion-clearfix\">\n<ul>\n<li>Neurogene Harnblase<\/li>\n<li>St\u00f6rungen der h\u00f6heren Gehirnfunktionen<\/li>\n<li>St\u00f6rungen der Sexualit\u00e4t<\/li>\n<li>Spondylose rhizomelique<\/li>\n<li>Lupus erythematodes<\/li>\n<li>Gelenkrheumatismus<\/li>\n<\/ul>\n<\/div><\/div><\/div><div class=\"fusion-panel panel-default panel-a9c323c4e731fa572 fusion-toggle-has-divider\"><div class=\"panel-heading\"><h4 class=\"panel-title toggle\" id=\"toggle_a9c323c4e731fa572\"><a aria-expanded=\"false\" aria-controls=\"a9c323c4e731fa572\" role=\"button\" data-toggle=\"collapse\" data-parent=\"#accordion-14813-1\" data-target=\"#a9c323c4e731fa572\" href=\"#a9c323c4e731fa572\"><span class=\"fusion-toggle-icon-wrapper\" aria-hidden=\"true\"><i class=\"fa-fusion-box active-icon awb-icon-minus\" aria-hidden=\"true\"><\/i><i class=\"fa-fusion-box inactive-icon awb-icon-plus\" aria-hidden=\"true\"><\/i><\/span><span class=\"fusion-toggle-heading\">Spezielle angeborene nosologische Einheiten<\/span><\/a><\/h4><\/div><div id=\"a9c323c4e731fa572\" class=\"panel-collapse collapse \" aria-labelledby=\"toggle_a9c323c4e731fa572\"><div class=\"panel-body toggle-content fusion-clearfix\">\n<ul>\n<li>Meningomyelozele<\/li>\n<li>Zerebralparese<\/li>\n<li>Myopathie<\/li>\n<\/ul>\n<\/div><\/div><\/div><div class=\"fusion-panel panel-default panel-58990b13abb1213d3 fusion-toggle-has-divider\"><div class=\"panel-heading\"><h4 class=\"panel-title toggle\" id=\"toggle_58990b13abb1213d3\"><a aria-expanded=\"false\" aria-controls=\"58990b13abb1213d3\" role=\"button\" data-toggle=\"collapse\" data-parent=\"#accordion-14813-1\" data-target=\"#58990b13abb1213d3\" href=\"#58990b13abb1213d3\"><span class=\"fusion-toggle-icon-wrapper\" aria-hidden=\"true\"><i class=\"fa-fusion-box active-icon awb-icon-minus\" aria-hidden=\"true\"><\/i><i class=\"fa-fusion-box inactive-icon awb-icon-plus\" aria-hidden=\"true\"><\/i><\/span><span class=\"fusion-toggle-heading\">Herzkreislauferkrankungen<\/span><\/a><\/h4><\/div><div id=\"58990b13abb1213d3\" class=\"panel-collapse collapse \" aria-labelledby=\"toggle_58990b13abb1213d3\"><div class=\"panel-body toggle-content fusion-clearfix\">\n<ul>\n<li>Postoperative Rehabilitation f\u00fcr Patienten nach Herzoperationen<\/li>\n<li>Programme mit \u00dcbungen f\u00fcr das Herz-Lungen-System geeignet f\u00fcr Postinfarkt-Patienten<\/li>\n<\/ul>\n<\/div><\/div><\/div><div class=\"fusion-panel panel-default panel-dce58a4aaef078f06 fusion-toggle-has-divider\"><div class=\"panel-heading\"><h4 class=\"panel-title toggle\" id=\"toggle_dce58a4aaef078f06\"><a aria-expanded=\"false\" aria-controls=\"dce58a4aaef078f06\" role=\"button\" data-toggle=\"collapse\" data-parent=\"#accordion-14813-1\" data-target=\"#dce58a4aaef078f06\" href=\"#dce58a4aaef078f06\"><span class=\"fusion-toggle-icon-wrapper\" aria-hidden=\"true\"><i class=\"fa-fusion-box active-icon awb-icon-minus\" aria-hidden=\"true\"><\/i><i class=\"fa-fusion-box inactive-icon awb-icon-plus\" aria-hidden=\"true\"><\/i><\/span><span class=\"fusion-toggle-heading\">Altersbedingte Erkrankungen<\/span><\/a><\/h4><\/div><div id=\"dce58a4aaef078f06\" class=\"panel-collapse collapse \" aria-labelledby=\"toggle_dce58a4aaef078f06\"><div class=\"panel-body toggle-content fusion-clearfix\">\n<ul>\n<li>P\u00e4diatrische Erkrankungen (idiopathische Skoliose, Kinderl\u00e4hmung, Spina bifida, usw.)<\/li>\n<li>Altersprobleme (Brachyspondylie, Dyskinesia, usw.)<\/li>\n<\/ul>\n<\/div><\/div><\/div><\/div><\/div><div class=\"fusion-clearfix\"><\/div><\/div><\/div><div class=\"fusion-layout-column fusion_builder_column fusion-builder-column-2 fusion_builder_column_1_3 1_3 fusion-one-third fusion-column-last\" style=\"--awb-bg-size:cover;width:33.333333333333%;width:calc(33.333333333333% - ( ( 4% + 10% ) * 0.33333333333333 ) );\"><div class=\"fusion-column-wrapper fusion-flex-column-wrapper-legacy\"><div class=\"fusion-clearfix\"><\/div><\/div><\/div><\/div><\/div>\n","protected":false},"excerpt":{"rendered":"","protected":false},"author":1,"featured_media":0,"parent":0,"menu_order":0,"comment_status":"closed","ping_status":"closed","template":"100-width.php","meta":{"footnotes":""},"class_list":["post-14813","page","type-page","status-publish","hentry"],"yoast_head":"<!-- This site is optimized with the Yoast SEO plugin v24.8.1 - https:\/\/yoast.com\/wordpress\/plugins\/seo\/ -->\n<title>Erkrankungen - Animus<\/title>\n<meta name=\"robots\" content=\"index, follow, max-snippet:-1, max-image-preview:large, max-video-preview:-1\" \/>\n<link rel=\"canonical\" href=\"https:\/\/animus.com.gr\/de\/erkrankungen\/\" \/>\n<meta property=\"og:locale\" content=\"de_DE\" \/>\n<meta property=\"og:type\" content=\"article\" \/>\n<meta property=\"og:title\" content=\"Erkrankungen - Animus\" \/>\n<meta property=\"og:url\" content=\"https:\/\/animus.com.gr\/de\/erkrankungen\/\" \/>\n<meta property=\"og:site_name\" content=\"Animus\" \/>\n<meta property=\"article:modified_time\" content=\"2018-10-30T22:54:36+00:00\" \/>\n<meta name=\"twitter:card\" content=\"summary_large_image\" \/>\n<meta name=\"twitter:label1\" content=\"Gesch\u00e4tzte Lesezeit\" \/>\n\t<meta name=\"twitter:data1\" content=\"3\u00a0Minuten\" \/>\n<script type=\"application\/ld+json\" class=\"yoast-schema-graph\">{\"@context\":\"https:\/\/schema.org\",\"@graph\":[{\"@type\":\"WebPage\",\"@id\":\"https:\/\/animus.com.gr\/de\/erkrankungen\/\",\"url\":\"https:\/\/animus.com.gr\/de\/erkrankungen\/\",\"name\":\"Erkrankungen - Animus\",\"isPartOf\":{\"@id\":\"https:\/\/animus.com.gr\/#website\"},\"datePublished\":\"2018-10-30T22:47:00+00:00\",\"dateModified\":\"2018-10-30T22:54:36+00:00\",\"breadcrumb\":{\"@id\":\"https:\/\/animus.com.gr\/de\/erkrankungen\/#breadcrumb\"},\"inLanguage\":\"de\",\"potentialAction\":[{\"@type\":\"ReadAction\",\"target\":[\"https:\/\/animus.com.gr\/de\/erkrankungen\/\"]}]},{\"@type\":\"BreadcrumbList\",\"@id\":\"https:\/\/animus.com.gr\/de\/erkrankungen\/#breadcrumb\",\"itemListElement\":[{\"@type\":\"ListItem\",\"position\":1,\"name\":\"Home\",\"item\":\"https:\/\/animus.com.gr\/de\/\"},{\"@type\":\"ListItem\",\"position\":2,\"name\":\"Erkrankungen\"}]},{\"@type\":\"WebSite\",\"@id\":\"https:\/\/animus.com.gr\/#website\",\"url\":\"https:\/\/animus.com.gr\/\",\"name\":\"Animus\",\"description\":\"\u039a\u03ad\u03bd\u03c4\u03c1\u03bf \u0391\u03c0\u03bf\u03ba\u03b1\u03c4\u03ac\u03c3\u03c4\u03b1\u03c3\u03b7\u03c2 &amp; \u0391\u03c0\u03bf\u03b8\u03b5\u03c1\u03b1\u03c0\u03b5\u03af\u03b1\u03c2\",\"potentialAction\":[{\"@type\":\"SearchAction\",\"target\":{\"@type\":\"EntryPoint\",\"urlTemplate\":\"https:\/\/animus.com.gr\/?s={search_term_string}\"},\"query-input\":{\"@type\":\"PropertyValueSpecification\",\"valueRequired\":true,\"valueName\":\"search_term_string\"}}],\"inLanguage\":\"de\"}]}<\/script>\n<!-- \/ Yoast SEO plugin. -->","yoast_head_json":{"title":"Erkrankungen - Animus","robots":{"index":"index","follow":"follow","max-snippet":"max-snippet:-1","max-image-preview":"max-image-preview:large","max-video-preview":"max-video-preview:-1"},"canonical":"https:\/\/animus.com.gr\/de\/erkrankungen\/","og_locale":"de_DE","og_type":"article","og_title":"Erkrankungen - Animus","og_url":"https:\/\/animus.com.gr\/de\/erkrankungen\/","og_site_name":"Animus","article_modified_time":"2018-10-30T22:54:36+00:00","twitter_card":"summary_large_image","twitter_misc":{"Gesch\u00e4tzte Lesezeit":"3\u00a0Minuten"},"schema":{"@context":"https:\/\/schema.org","@graph":[{"@type":"WebPage","@id":"https:\/\/animus.com.gr\/de\/erkrankungen\/","url":"https:\/\/animus.com.gr\/de\/erkrankungen\/","name":"Erkrankungen - Animus","isPartOf":{"@id":"https:\/\/animus.com.gr\/#website"},"datePublished":"2018-10-30T22:47:00+00:00","dateModified":"2018-10-30T22:54:36+00:00","breadcrumb":{"@id":"https:\/\/animus.com.gr\/de\/erkrankungen\/#breadcrumb"},"inLanguage":"de","potentialAction":[{"@type":"ReadAction","target":["https:\/\/animus.com.gr\/de\/erkrankungen\/"]}]},{"@type":"BreadcrumbList","@id":"https:\/\/animus.com.gr\/de\/erkrankungen\/#breadcrumb","itemListElement":[{"@type":"ListItem","position":1,"name":"Home","item":"https:\/\/animus.com.gr\/de\/"},{"@type":"ListItem","position":2,"name":"Erkrankungen"}]},{"@type":"WebSite","@id":"https:\/\/animus.com.gr\/#website","url":"https:\/\/animus.com.gr\/","name":"Animus","description":"\u039a\u03ad\u03bd\u03c4\u03c1\u03bf \u0391\u03c0\u03bf\u03ba\u03b1\u03c4\u03ac\u03c3\u03c4\u03b1\u03c3\u03b7\u03c2 &amp; \u0391\u03c0\u03bf\u03b8\u03b5\u03c1\u03b1\u03c0\u03b5\u03af\u03b1\u03c2","potentialAction":[{"@type":"SearchAction","target":{"@type":"EntryPoint","urlTemplate":"https:\/\/animus.com.gr\/?s={search_term_string}"},"query-input":{"@type":"PropertyValueSpecification","valueRequired":true,"valueName":"search_term_string"}}],"inLanguage":"de"}]}},"_links":{"self":[{"href":"https:\/\/animus.com.gr\/de\/wp-json\/wp\/v2\/pages\/14813","targetHints":{"allow":["GET"]}}],"collection":[{"href":"https:\/\/animus.com.gr\/de\/wp-json\/wp\/v2\/pages"}],"about":[{"href":"https:\/\/animus.com.gr\/de\/wp-json\/wp\/v2\/types\/page"}],"author":[{"embeddable":true,"href":"https:\/\/animus.com.gr\/de\/wp-json\/wp\/v2\/users\/1"}],"replies":[{"embeddable":true,"href":"https:\/\/animus.com.gr\/de\/wp-json\/wp\/v2\/comments?post=14813"}],"version-history":[{"count":3,"href":"https:\/\/animus.com.gr\/de\/wp-json\/wp\/v2\/pages\/14813\/revisions"}],"predecessor-version":[{"id":14817,"href":"https:\/\/animus.com.gr\/de\/wp-json\/wp\/v2\/pages\/14813\/revisions\/14817"}],"wp:attachment":[{"href":"https:\/\/animus.com.gr\/de\/wp-json\/wp\/v2\/media?parent=14813"}],"curies":[{"name":"wp","href":"https:\/\/api.w.org\/{rel}","templated":true}]}}