{"id":14830,"date":"2018-10-31T01:02:31","date_gmt":"2018-10-30T23:02:31","guid":{"rendered":"https:\/\/animus.com.gr\/?page_id=14830"},"modified":"2018-10-31T02:15:48","modified_gmt":"2018-10-31T00:15:48","slug":"dienstleistungen","status":"publish","type":"page","link":"https:\/\/animus.com.gr\/de\/dienstleistungen\/","title":{"rendered":"Dienstleistungen"},"content":{"rendered":"<p><div class=\"fusion-fullwidth fullwidth-box fusion-builder-row-1 nonhundred-percent-fullwidth non-hundred-percent-height-scrolling\" style=\"--awb-border-radius-top-left:0px;--awb-border-radius-top-right:0px;--awb-border-radius-bottom-right:0px;--awb-border-radius-bottom-left:0px;--awb-padding-top:100px;--awb-background-color:#ffffff;--awb-border-sizes-top:0px;--awb-border-sizes-bottom:0px;--awb-flex-wrap:wrap;\" ><div class=\"fusion-builder-row fusion-row\"><div class=\"fusion-layout-column fusion_builder_column fusion-builder-column-0 fusion_builder_column_1_1 1_1 fusion-one-full fusion-column-first fusion-column-last\" style=\"--awb-bg-size:cover;\"><div class=\"fusion-column-wrapper fusion-flex-column-wrapper-legacy\"><div class=\"fusion-text fusion-text-1\"><h2 class=\"entry-title\" style=\"text-align: center;\" data-fontsize=\"50\" data-lineheight=\"50\">Station f\u00fcr station\u00e4re Behandlung<\/h2>\n<\/div><div class=\"fusion-sep-clear\"><\/div><div class=\"fusion-separator\" style=\"margin-left: auto;margin-right: auto;margin-top:0px;margin-bottom:30px;width:100%;max-width:280px;\"><div class=\"fusion-separator-border sep-single sep-solid\" style=\"--awb-height:20px;--awb-amount:20px;--awb-sep-color:#d1d1d1;border-color:#d1d1d1;border-top-width:2px;\"><\/div><\/div><div class=\"fusion-sep-clear\"><\/div><div class=\"fusion-clearfix\"><\/div><\/div><\/div><\/div><\/div><div class=\"fusion-fullwidth fullwidth-box fusion-builder-row-2 nonhundred-percent-fullwidth non-hundred-percent-height-scrolling fusion-equal-height-columns\" style=\"--awb-border-radius-top-left:0px;--awb-border-radius-top-right:0px;--awb-border-radius-bottom-right:0px;--awb-border-radius-bottom-left:0px;--awb-margin-bottom:50px;--awb-background-color:#ffffff;--awb-border-sizes-top:0px;--awb-border-sizes-bottom:0px;--awb-flex-wrap:wrap;\" ><div class=\"fusion-builder-row fusion-row\"><div class=\"fusion-layout-column fusion_builder_column fusion-builder-column-1 fusion_builder_column_1_4 1_4 fusion-one-fourth fusion-column-first fusion-column-inner-bg-wrapper\" style=\"--awb-inner-bg-size:cover;width:25%;width:calc(25% - ( ( 4% + 4% + 4% ) * 0.25 ) );margin-right: 4%;\"><span class=\"fusion-column-inner-bg hover-type-none\"><a class=\"fusion-column-anchor\" href=\"https:\/\/animus.com.gr\/de\/dienstleistungen\/station-fuer-stationaere-behandlung\/medizinische-dienstleistungen\/\"><span class=\"fusion-column-inner-bg-image\"><\/span><\/a><\/span><div class=\"fusion-column-wrapper fusion-flex-column-wrapper-legacy\"><div class=\"fusion-text fusion-text-2\"><h3 style=\"text-align: center;\">Medizinische Dienstleistungen<\/h3>\n<\/div><div class=\"fusion-image-element in-legacy-container\" style=\"--awb-caption-title-font-family:var(--h2_typography-font-family);--awb-caption-title-font-weight:var(--h2_typography-font-weight);--awb-caption-title-font-style:var(--h2_typography-font-style);--awb-caption-title-size:var(--h2_typography-font-size);--awb-caption-title-transform:var(--h2_typography-text-transform);--awb-caption-title-line-height:var(--h2_typography-line-height);--awb-caption-title-letter-spacing:var(--h2_typography-letter-spacing);\"><span class=\" fusion-imageframe imageframe-none imageframe-1 hover-type-none\"><img decoding=\"async\" width=\"900\" height=\"600\" title=\"iatrikes-ypiresies\" src=\"https:\/\/animus.com.gr\/wp-content\/uploads\/2018\/08\/iatrikes-ypiresies.jpg\" alt class=\"img-responsive wp-image-14831\" srcset=\"https:\/\/animus.com.gr\/wp-content\/uploads\/2018\/08\/iatrikes-ypiresies-200x133.jpg 200w, https:\/\/animus.com.gr\/wp-content\/uploads\/2018\/08\/iatrikes-ypiresies-400x267.jpg 400w, https:\/\/animus.com.gr\/wp-content\/uploads\/2018\/08\/iatrikes-ypiresies-600x400.jpg 600w, https:\/\/animus.com.gr\/wp-content\/uploads\/2018\/08\/iatrikes-ypiresies-800x533.jpg 800w, https:\/\/animus.com.gr\/wp-content\/uploads\/2018\/08\/iatrikes-ypiresies.jpg 900w\" sizes=\"(max-width: 800px) 100vw, 400px\" \/><\/span><\/div><div class=\"fusion-sep-clear\"><\/div><div class=\"fusion-separator fusion-full-width-sep\" style=\"margin-left: auto;margin-right: auto;margin-top:5px;margin-bottom:5px;width:100%;\"><\/div><div class=\"fusion-sep-clear\"><\/div><div class=\"fusion-text fusion-text-3\"><p style=\"text-align: left;\">Das erfahrene \u00e4rztliche Team des Erholungs- und Rehabilitationszentrums\u00a0<strong>ANIMUS<\/strong>\u00a0untersucht t\u00e4glich die Patienten, beobachtet ihren Verlauf und entscheidet \u00fcber ihre medizinische und therapeutische Behandlung je nach ihren Bed\u00fcrfnissen.<\/p>\n<\/div><div class=\"fusion-clearfix\"><\/div><\/div><\/div><div class=\"fusion-layout-column fusion_builder_column fusion-builder-column-2 fusion_builder_column_1_4 1_4 fusion-one-fourth\" style=\"--awb-bg-size:cover;width:25%;width:calc(25% - ( ( 4% + 4% + 4% ) * 0.25 ) );margin-right: 4%;\"><div class=\"fusion-column-wrapper fusion-flex-column-wrapper-legacy\"><div class=\"fusion-text fusion-text-4\"><h3 style=\"text-align: center;\">Therapeutische Abteilungen<\/h3>\n<\/div><div class=\"fusion-image-element in-legacy-container\" style=\"--awb-caption-title-font-family:var(--h2_typography-font-family);--awb-caption-title-font-weight:var(--h2_typography-font-weight);--awb-caption-title-font-style:var(--h2_typography-font-style);--awb-caption-title-size:var(--h2_typography-font-size);--awb-caption-title-transform:var(--h2_typography-text-transform);--awb-caption-title-line-height:var(--h2_typography-line-height);--awb-caption-title-letter-spacing:var(--h2_typography-letter-spacing);\"><span class=\" fusion-imageframe imageframe-none imageframe-2 hover-type-none\"><img decoding=\"async\" width=\"900\" height=\"600\" title=\"therapeutika_ypiresies_pg\" src=\"https:\/\/animus.com.gr\/wp-content\/uploads\/2018\/10\/therapeutika_ypiresies_pg.jpg\" alt class=\"img-responsive wp-image-14837\" srcset=\"https:\/\/animus.com.gr\/wp-content\/uploads\/2018\/10\/therapeutika_ypiresies_pg-200x133.jpg 200w, https:\/\/animus.com.gr\/wp-content\/uploads\/2018\/10\/therapeutika_ypiresies_pg-400x267.jpg 400w, https:\/\/animus.com.gr\/wp-content\/uploads\/2018\/10\/therapeutika_ypiresies_pg-600x400.jpg 600w, https:\/\/animus.com.gr\/wp-content\/uploads\/2018\/10\/therapeutika_ypiresies_pg-800x533.jpg 800w, https:\/\/animus.com.gr\/wp-content\/uploads\/2018\/10\/therapeutika_ypiresies_pg.jpg 900w\" sizes=\"(max-width: 800px) 100vw, 400px\" \/><\/span><\/div><div class=\"fusion-text fusion-text-5\"><ul>\n<li><a href=\"https:\/\/animus.com.gr\/de\/dienstleistungen\/station-fuer-stationaere-behandlung\/therapeutische-abteilungen\/physiotherapie\/\">Physiotherapie<\/a><\/li>\n<li><a href=\"https:\/\/animus.com.gr\/de\/dienstleistungen\/station-fuer-stationaere-behandlung\/therapeutische-abteilungen\/hydrotherapie-therapeutische-whirlpools\/\">Hydrotherapie \u2013 Therapeutische Whirlpools<\/a><\/li>\n<li><a href=\"https:\/\/animus.com.gr\/de\/dienstleistungen\/station-fuer-stationaere-behandlung\/therapeutische-abteilungen\/kinderabteilung-fuer-neurologische-entwicklungsbehandlung\/\">Kinderabteilung f\u00fcr neurologische Entwicklungsbehandlung<\/a><\/li>\n<li><a href=\"https:\/\/animus.com.gr\/de\/dienstleistungen\/station-fuer-stationaere-behandlung\/therapeutische-abteilungen\/ergotherapie\/\">Ergotherapie<\/a><\/li>\n<li><a href=\"https:\/\/animus.com.gr\/de\/dienstleistungen\/station-fuer-stationaere-behandlung\/therapeutische-abteilungen\/logopaedie\/\">Logop\u00e4die<\/a><\/li>\n<li><a href=\"https:\/\/animus.com.gr\/de\/dienstleistungen\/station-fuer-stationaere-behandlung\/therapeutische-abteilungen\/abteilung-fuer-psychologische-unterstuetzung\/\">Abteilung f\u00fcr psychologische Unterst\u00fctzung<\/a><\/li>\n<li><a href=\"https:\/\/animus.com.gr\/de\/dienstleistungen\/station-fuer-stationaere-behandlung\/therapeutische-abteilungen\/sozialdienstabteilung\/\">Sozialdienstabteilung<\/a><\/li>\n<\/ul>\n<\/div><div class=\"fusion-clearfix\"><\/div><\/div><\/div><div class=\"fusion-layout-column fusion_builder_column fusion-builder-column-3 fusion_builder_column_1_4 1_4 fusion-one-fourth fusion-column-inner-bg-wrapper\" style=\"--awb-inner-bg-size:cover;width:25%;width:calc(25% - ( ( 4% + 4% + 4% ) * 0.25 ) );margin-right: 4%;\"><span class=\"fusion-column-inner-bg hover-type-none\"><a class=\"fusion-column-anchor\" href=\"https:\/\/animus.com.gr\/de\/dienstleistungen\/station-fuer-stationaere-behandlung\/diagnostische-dienstleistungen\/\"><span class=\"fusion-column-inner-bg-image\"><\/span><\/a><\/span><div class=\"fusion-column-wrapper fusion-flex-column-wrapper-legacy\"><div class=\"fusion-text fusion-text-6\"><h3 style=\"text-align: center;\">Diagnostische Dienstleistungen<\/h3>\n<\/div><div class=\"fusion-image-element in-legacy-container\" style=\"--awb-caption-title-font-family:var(--h2_typography-font-family);--awb-caption-title-font-weight:var(--h2_typography-font-weight);--awb-caption-title-font-style:var(--h2_typography-font-style);--awb-caption-title-size:var(--h2_typography-font-size);--awb-caption-title-transform:var(--h2_typography-text-transform);--awb-caption-title-line-height:var(--h2_typography-line-height);--awb-caption-title-letter-spacing:var(--h2_typography-letter-spacing);\"><span class=\" fusion-imageframe imageframe-none imageframe-3 hover-type-none\"><img decoding=\"async\" width=\"900\" height=\"600\" title=\"diagnwstikes-ypiresies\" src=\"https:\/\/animus.com.gr\/wp-content\/uploads\/2018\/08\/diagnwstikes-ypiresies.jpg\" alt class=\"img-responsive wp-image-14833\" srcset=\"https:\/\/animus.com.gr\/wp-content\/uploads\/2018\/08\/diagnwstikes-ypiresies-200x133.jpg 200w, https:\/\/animus.com.gr\/wp-content\/uploads\/2018\/08\/diagnwstikes-ypiresies-400x267.jpg 400w, https:\/\/animus.com.gr\/wp-content\/uploads\/2018\/08\/diagnwstikes-ypiresies-600x400.jpg 600w, https:\/\/animus.com.gr\/wp-content\/uploads\/2018\/08\/diagnwstikes-ypiresies-800x533.jpg 800w, https:\/\/animus.com.gr\/wp-content\/uploads\/2018\/08\/diagnwstikes-ypiresies.jpg 900w\" sizes=\"(max-width: 800px) 100vw, 400px\" \/><\/span><\/div><div class=\"fusion-sep-clear\"><\/div><div class=\"fusion-separator fusion-full-width-sep\" style=\"margin-left: auto;margin-right: auto;margin-top:5px;margin-bottom:5px;width:100%;\"><\/div><div class=\"fusion-sep-clear\"><\/div><div class=\"fusion-text fusion-text-7\"><ul>\n<li>Labor f\u00fcr Elektroneurophysiologie<\/li>\n<li>Labor f\u00fcr Gang- und Bewegungsanalyse (Fu\u00dfdruckmessung NOVEL)<\/li>\n<li>Labor f\u00fcr isokinetische Messung und \u00dcbungen<\/li>\n<li>Labor f\u00fcr ergometrische Beurteilung<\/li>\n<li>Labor f\u00fcr Biofeedback<\/li>\n<li>Labor f\u00fcr Mikrobiologie<\/li>\n<\/ul>\n<\/div><div class=\"fusion-clearfix\"><\/div><\/div><\/div><div class=\"fusion-layout-column fusion_builder_column fusion-builder-column-4 fusion_builder_column_1_4 1_4 fusion-one-fourth fusion-column-last fusion-column-inner-bg-wrapper\" style=\"--awb-inner-bg-size:cover;width:25%;width:calc(25% - ( ( 4% + 4% + 4% ) * 0.25 ) );\"><span class=\"fusion-column-inner-bg hover-type-none\"><a class=\"fusion-column-anchor\" href=\"https:\/\/animus.com.gr\/de\/dienstleistungen\/station-fuer-stationaere-behandlung\/intensivpflegeabteilung\/\"><span class=\"fusion-column-inner-bg-image\"><\/span><\/a><\/span><div class=\"fusion-column-wrapper fusion-flex-column-wrapper-legacy\"><div class=\"fusion-text fusion-text-8\"><div class=\"csc-header csc-header-n1\">\n<h3 class=\"csc-firstHeader\" style=\"text-align: center;\">Intensivpflegeabteilung<\/h3>\n<\/div>\n<\/div><div class=\"fusion-image-element in-legacy-container\" style=\"--awb-caption-title-font-family:var(--h2_typography-font-family);--awb-caption-title-font-weight:var(--h2_typography-font-weight);--awb-caption-title-font-style:var(--h2_typography-font-style);--awb-caption-title-size:var(--h2_typography-font-size);--awb-caption-title-transform:var(--h2_typography-text-transform);--awb-caption-title-line-height:var(--h2_typography-line-height);--awb-caption-title-letter-spacing:var(--h2_typography-letter-spacing);\"><span class=\" fusion-imageframe imageframe-none imageframe-4 hover-type-none\"><img decoding=\"async\" width=\"900\" height=\"600\" title=\"monada-auksimenis-frontidas\" src=\"https:\/\/animus.com.gr\/wp-content\/uploads\/2018\/08\/monada-auksimenis-frontidas.jpg\" alt class=\"img-responsive wp-image-14834\" srcset=\"https:\/\/animus.com.gr\/wp-content\/uploads\/2018\/08\/monada-auksimenis-frontidas-200x133.jpg 200w, https:\/\/animus.com.gr\/wp-content\/uploads\/2018\/08\/monada-auksimenis-frontidas-400x267.jpg 400w, https:\/\/animus.com.gr\/wp-content\/uploads\/2018\/08\/monada-auksimenis-frontidas-600x400.jpg 600w, https:\/\/animus.com.gr\/wp-content\/uploads\/2018\/08\/monada-auksimenis-frontidas-800x533.jpg 800w, https:\/\/animus.com.gr\/wp-content\/uploads\/2018\/08\/monada-auksimenis-frontidas.jpg 900w\" sizes=\"(max-width: 800px) 100vw, 400px\" \/><\/span><\/div><div class=\"fusion-sep-clear\"><\/div><div class=\"fusion-separator fusion-full-width-sep\" style=\"margin-left: auto;margin-right: auto;margin-top:5px;margin-bottom:5px;width:100%;\"><\/div><div class=\"fusion-sep-clear\"><\/div><div class=\"fusion-text fusion-text-9\"><p>Die\u00a0<strong>Intensivpflegeabteilung<\/strong>\u00a0unseres Zentrums kann bis 14 Patienten behandeln.<\/p>\n<p>Der Aufbau, die Ausr\u00fcstung und die Personalauswahl entsprechen den Richtlinien der\u00a0<strong>Europ\u00e4ischen Gesellschaft f\u00fcr Intensivmedizin<\/strong>.<\/p>\n<\/div><div class=\"fusion-clearfix\"><\/div><\/div><\/div><\/div><\/div><div class=\"fusion-fullwidth fullwidth-box fusion-builder-row-3 nonhundred-percent-fullwidth non-hundred-percent-height-scrolling\" style=\"--awb-border-radius-top-left:0px;--awb-border-radius-top-right:0px;--awb-border-radius-bottom-right:0px;--awb-border-radius-bottom-left:0px;--awb-padding-top:100px;--awb-padding-bottom:50px;--awb-background-color:#f7f7f7;--awb-border-sizes-top:0px;--awb-border-sizes-bottom:0px;--awb-flex-wrap:wrap;\" ><div class=\"fusion-builder-row fusion-row\"><div class=\"fusion-layout-column fusion_builder_column fusion-builder-column-5 fusion_builder_column_1_1 1_1 fusion-one-full fusion-column-first fusion-column-last\" style=\"--awb-bg-color:#f7f7f7;--awb-bg-color-hover:#f7f7f7;--awb-bg-size:cover;\"><div class=\"fusion-column-wrapper fusion-flex-column-wrapper-legacy\"><div class=\"fusion-text fusion-text-10\"><h2 class=\"entry-title\" style=\"text-align: center;\" data-fontsize=\"50\" data-lineheight=\"50\">Station f\u00fcr ambulante Behandlung<\/h2>\n<\/div><div class=\"fusion-sep-clear\"><\/div><div class=\"fusion-separator\" style=\"margin-left: auto;margin-right: auto;margin-top:0px;margin-bottom:30px;width:100%;max-width:280px;\"><div class=\"fusion-separator-border sep-single sep-solid\" style=\"--awb-height:20px;--awb-amount:20px;--awb-sep-color:#d1d1d1;border-color:#d1d1d1;border-top-width:2px;\"><\/div><\/div><div class=\"fusion-sep-clear\"><\/div><div class=\"fusion-text fusion-text-11\"><p>Die Station f\u00fcr ambulante Behandlung orientiert sich auf Personen mit chronischen Bewegungsst\u00f6rungen, die sich im General in einem guten Gesundheitszustand befinden ohne jedoch v\u00f6llig bewegungsf\u00e4hig zu sein und ohne Medizin-\u00a0 und Krankenpflegedienste zu brauchen.<\/p>\n<\/div><div class=\"fusion-aligncenter\"><a class=\"fusion-button button-flat button-small button-default fusion-button-default button-1 fusion-button-span-no fusion-button-default-type\" target=\"_self\" href=\"https:\/\/animus.com.gr\/de\/dienstleistungen\/station-fuer-ambulante-behandlung\/\"><span class=\"fusion-button-text\">MEHR<\/span><\/a><\/div><div class=\"fusion-clearfix\"><\/div><\/div><\/div><\/div><\/div><\/p>\n","protected":false},"excerpt":{"rendered":"","protected":false},"author":1,"featured_media":0,"parent":0,"menu_order":0,"comment_status":"closed","ping_status":"closed","template":"100-width.php","meta":{"footnotes":""},"class_list":["post-14830","page","type-page","status-publish","hentry"],"yoast_head":"<!-- This site is optimized with the Yoast SEO plugin v24.8.1 - https:\/\/yoast.com\/wordpress\/plugins\/seo\/ -->\n<title>Dienstleistungen - Animus<\/title>\n<meta name=\"robots\" content=\"index, follow, max-snippet:-1, max-image-preview:large, max-video-preview:-1\" \/>\n<link rel=\"canonical\" href=\"https:\/\/animus.com.gr\/de\/dienstleistungen\/\" \/>\n<meta property=\"og:locale\" content=\"de_DE\" \/>\n<meta property=\"og:type\" content=\"article\" \/>\n<meta property=\"og:title\" content=\"Dienstleistungen - Animus\" \/>\n<meta property=\"og:url\" content=\"https:\/\/animus.com.gr\/de\/dienstleistungen\/\" \/>\n<meta property=\"og:site_name\" content=\"Animus\" \/>\n<meta property=\"article:modified_time\" content=\"2018-10-31T00:15:48+00:00\" \/>\n<meta name=\"twitter:card\" content=\"summary_large_image\" \/>\n<meta name=\"twitter:label1\" content=\"Gesch\u00e4tzte Lesezeit\" \/>\n\t<meta name=\"twitter:data1\" content=\"8\u00a0Minuten\" \/>\n<script type=\"application\/ld+json\" class=\"yoast-schema-graph\">{\"@context\":\"https:\/\/schema.org\",\"@graph\":[{\"@type\":\"WebPage\",\"@id\":\"https:\/\/animus.com.gr\/de\/dienstleistungen\/\",\"url\":\"https:\/\/animus.com.gr\/de\/dienstleistungen\/\",\"name\":\"Dienstleistungen - Animus\",\"isPartOf\":{\"@id\":\"https:\/\/animus.com.gr\/#website\"},\"datePublished\":\"2018-10-30T23:02:31+00:00\",\"dateModified\":\"2018-10-31T00:15:48+00:00\",\"breadcrumb\":{\"@id\":\"https:\/\/animus.com.gr\/de\/dienstleistungen\/#breadcrumb\"},\"inLanguage\":\"de\",\"potentialAction\":[{\"@type\":\"ReadAction\",\"target\":[\"https:\/\/animus.com.gr\/de\/dienstleistungen\/\"]}]},{\"@type\":\"BreadcrumbList\",\"@id\":\"https:\/\/animus.com.gr\/de\/dienstleistungen\/#breadcrumb\",\"itemListElement\":[{\"@type\":\"ListItem\",\"position\":1,\"name\":\"Home\",\"item\":\"https:\/\/animus.com.gr\/de\/\"},{\"@type\":\"ListItem\",\"position\":2,\"name\":\"Dienstleistungen\"}]},{\"@type\":\"WebSite\",\"@id\":\"https:\/\/animus.com.gr\/#website\",\"url\":\"https:\/\/animus.com.gr\/\",\"name\":\"Animus\",\"description\":\"\u039a\u03ad\u03bd\u03c4\u03c1\u03bf \u0391\u03c0\u03bf\u03ba\u03b1\u03c4\u03ac\u03c3\u03c4\u03b1\u03c3\u03b7\u03c2 &amp; \u0391\u03c0\u03bf\u03b8\u03b5\u03c1\u03b1\u03c0\u03b5\u03af\u03b1\u03c2\",\"potentialAction\":[{\"@type\":\"SearchAction\",\"target\":{\"@type\":\"EntryPoint\",\"urlTemplate\":\"https:\/\/animus.com.gr\/?s={search_term_string}\"},\"query-input\":{\"@type\":\"PropertyValueSpecification\",\"valueRequired\":true,\"valueName\":\"search_term_string\"}}],\"inLanguage\":\"de\"}]}<\/script>\n<!-- \/ Yoast SEO plugin. -->","yoast_head_json":{"title":"Dienstleistungen - Animus","robots":{"index":"index","follow":"follow","max-snippet":"max-snippet:-1","max-image-preview":"max-image-preview:large","max-video-preview":"max-video-preview:-1"},"canonical":"https:\/\/animus.com.gr\/de\/dienstleistungen\/","og_locale":"de_DE","og_type":"article","og_title":"Dienstleistungen - Animus","og_url":"https:\/\/animus.com.gr\/de\/dienstleistungen\/","og_site_name":"Animus","article_modified_time":"2018-10-31T00:15:48+00:00","twitter_card":"summary_large_image","twitter_misc":{"Gesch\u00e4tzte Lesezeit":"8\u00a0Minuten"},"schema":{"@context":"https:\/\/schema.org","@graph":[{"@type":"WebPage","@id":"https:\/\/animus.com.gr\/de\/dienstleistungen\/","url":"https:\/\/animus.com.gr\/de\/dienstleistungen\/","name":"Dienstleistungen - Animus","isPartOf":{"@id":"https:\/\/animus.com.gr\/#website"},"datePublished":"2018-10-30T23:02:31+00:00","dateModified":"2018-10-31T00:15:48+00:00","breadcrumb":{"@id":"https:\/\/animus.com.gr\/de\/dienstleistungen\/#breadcrumb"},"inLanguage":"de","potentialAction":[{"@type":"ReadAction","target":["https:\/\/animus.com.gr\/de\/dienstleistungen\/"]}]},{"@type":"BreadcrumbList","@id":"https:\/\/animus.com.gr\/de\/dienstleistungen\/#breadcrumb","itemListElement":[{"@type":"ListItem","position":1,"name":"Home","item":"https:\/\/animus.com.gr\/de\/"},{"@type":"ListItem","position":2,"name":"Dienstleistungen"}]},{"@type":"WebSite","@id":"https:\/\/animus.com.gr\/#website","url":"https:\/\/animus.com.gr\/","name":"Animus","description":"\u039a\u03ad\u03bd\u03c4\u03c1\u03bf \u0391\u03c0\u03bf\u03ba\u03b1\u03c4\u03ac\u03c3\u03c4\u03b1\u03c3\u03b7\u03c2 &amp; \u0391\u03c0\u03bf\u03b8\u03b5\u03c1\u03b1\u03c0\u03b5\u03af\u03b1\u03c2","potentialAction":[{"@type":"SearchAction","target":{"@type":"EntryPoint","urlTemplate":"https:\/\/animus.com.gr\/?s={search_term_string}"},"query-input":{"@type":"PropertyValueSpecification","valueRequired":true,"valueName":"search_term_string"}}],"inLanguage":"de"}]}},"_links":{"self":[{"href":"https:\/\/animus.com.gr\/de\/wp-json\/wp\/v2\/pages\/14830","targetHints":{"allow":["GET"]}}],"collection":[{"href":"https:\/\/animus.com.gr\/de\/wp-json\/wp\/v2\/pages"}],"about":[{"href":"https:\/\/animus.com.gr\/de\/wp-json\/wp\/v2\/types\/page"}],"author":[{"embeddable":true,"href":"https:\/\/animus.com.gr\/de\/wp-json\/wp\/v2\/users\/1"}],"replies":[{"embeddable":true,"href":"https:\/\/animus.com.gr\/de\/wp-json\/wp\/v2\/comments?post=14830"}],"version-history":[{"count":4,"href":"https:\/\/animus.com.gr\/de\/wp-json\/wp\/v2\/pages\/14830\/revisions"}],"predecessor-version":[{"id":14936,"href":"https:\/\/animus.com.gr\/de\/wp-json\/wp\/v2\/pages\/14830\/revisions\/14936"}],"wp:attachment":[{"href":"https:\/\/animus.com.gr\/de\/wp-json\/wp\/v2\/media?parent=14830"}],"curies":[{"name":"wp","href":"https:\/\/api.w.org\/{rel}","templated":true}]}}