{"id":14856,"date":"2018-10-31T01:21:29","date_gmt":"2018-10-30T23:21:29","guid":{"rendered":"https:\/\/animus.com.gr\/?page_id=14856"},"modified":"2018-10-31T01:25:18","modified_gmt":"2018-10-30T23:25:18","slug":"hydrotherapie-therapeutische-whirlpools","status":"publish","type":"page","link":"https:\/\/animus.com.gr\/de\/dienstleistungen\/station-fuer-stationaere-behandlung\/therapeutische-abteilungen\/hydrotherapie-therapeutische-whirlpools\/","title":{"rendered":"Hydrotherapie \u2013 Therapeutische Whirlpools"},"content":{"rendered":"<div class=\"fusion-fullwidth fullwidth-box fusion-builder-row-1 nonhundred-percent-fullwidth non-hundred-percent-height-scrolling\" style=\"--awb-border-radius-top-left:0px;--awb-border-radius-top-right:0px;--awb-border-radius-bottom-right:0px;--awb-border-radius-bottom-left:0px;--awb-padding-top:100px;--awb-padding-bottom:50px;--awb-background-color:#f7f7f7;--awb-border-sizes-top:0px;--awb-border-sizes-bottom:0px;--awb-flex-wrap:wrap;\" ><div class=\"fusion-builder-row fusion-row\"><div class=\"fusion-layout-column fusion_builder_column fusion-builder-column-0 fusion_builder_column_3_4 3_4 fusion-three-fourth fusion-column-first\" style=\"--awb-bg-size:cover;width:75%;width:calc(75% - ( ( 5% ) * 0.75 ) );margin-right: 5%;\"><div class=\"fusion-column-wrapper fusion-flex-column-wrapper-legacy\"><div class=\"fusion-slider-sc fusion-flexslider-loading flexslider flexslider-hover-type-none\" data-slideshow_autoplay=\"1\" data-slideshow_smooth_height=\"0\" data-slideshow_speed=\"2000\" style=\"max-width:100%;height:100%;\"><ul class=\"slides\"><li class=\"image\"><a class=\"lightbox-enabled fusion-lightbox\" data-rel=\"iLightbox[slider_carousel_1]\" title=\"ydrotherapeia_7944\" data-title=\"ydrotherapeia_7944\" aria-label=\"ydrotherapeia_7944\" href=\"https:\/\/animus.com.gr\/wp-content\/uploads\/2018\/09\/ydrotherapeia_7944.jpg\" target=\"_self\"><span class=\"fusion-image-hover-element hover-type-none\"><img decoding=\"async\" src=\"https:\/\/animus.com.gr\/wp-content\/uploads\/2018\/09\/ydrotherapeia_7944.jpg\" width=\"900\" height=\"600\" \/><\/span><\/a><\/li><li class=\"image\"><a class=\"lightbox-enabled fusion-lightbox\" data-rel=\"iLightbox[slider_carousel_1]\" title=\"ydrotherapeia_8368\" data-title=\"ydrotherapeia_8368\" aria-label=\"ydrotherapeia_8368\" href=\"https:\/\/animus.com.gr\/wp-content\/uploads\/2018\/09\/ydrotherapeia_8368.jpg\" target=\"_self\"><span class=\"fusion-image-hover-element hover-type-none\"><img decoding=\"async\" src=\"https:\/\/animus.com.gr\/wp-content\/uploads\/2018\/09\/ydrotherapeia_8368.jpg\" width=\"900\" height=\"600\" \/><\/span><\/a><\/li><li class=\"image\"><a class=\"lightbox-enabled fusion-lightbox\" data-rel=\"iLightbox[slider_carousel_1]\" title=\"ydrotherapeia_old\" data-title=\"ydrotherapeia_old\" aria-label=\"ydrotherapeia_old\" href=\"https:\/\/animus.com.gr\/wp-content\/uploads\/2018\/09\/ydrotherapeia_old.jpg\" target=\"_self\"><span class=\"fusion-image-hover-element hover-type-none\"><img decoding=\"async\" src=\"https:\/\/animus.com.gr\/wp-content\/uploads\/2018\/09\/ydrotherapeia_old.jpg\" width=\"900\" height=\"600\" \/><\/span><\/a><\/li><li class=\"image\"><a class=\"lightbox-enabled fusion-lightbox\" data-rel=\"iLightbox[slider_carousel_1]\" title=\"ydrotherapeia_old2\" data-title=\"ydrotherapeia_old2\" aria-label=\"ydrotherapeia_old2\" href=\"https:\/\/animus.com.gr\/wp-content\/uploads\/2018\/09\/ydrotherapeia_old.jpg\" target=\"_self\"><span class=\"fusion-image-hover-element hover-type-none\"><img decoding=\"async\" src=\"https:\/\/animus.com.gr\/wp-content\/uploads\/2018\/10\/ydrotherapeia_old2.jpg\" width=\"900\" height=\"600\" \/><\/span><\/a><\/li><\/ul><\/div><div class=\"fusion-sep-clear\"><\/div><div class=\"fusion-separator fusion-full-width-sep\" style=\"margin-left: auto;margin-right: auto;margin-top:20px;margin-bottom:20px;width:100%;\"><\/div><div class=\"fusion-sep-clear\"><\/div><div class=\"fusion-text fusion-text-1\"><p>Im Wandel der Zeiten hat sich Hydrotherapie erfolgreich als eine nat\u00fcrliche Rehabilitationsmethode erwiesen, deren therapeutische Ergebnisse schon seit Jahrhunderten best\u00e4tigt worden sind. Ihre Anwendung hilft Patienten mit orthop\u00e4dischen, neurologischen und rheumatologischen Erkrankungen.<\/p>\n<p>Die Faktoren, welche die wichtigste Rolle bei der Anwendung der hydrotherapeutischen Methoden spielen, sind die folgenden:<\/p>\n<ol>\n<li>Die Temperatur<\/li>\n<li>Der hydrostatische Druck<\/li>\n<li>Der Auftrieb<\/li>\n<li>Der Widerstand<\/li>\n<li>Die chemische Wirkung von Wasser<\/li>\n<\/ol>\n<p>Das Rehabilitationszentrum\u00a0<strong>ANIMUS<\/strong>\u00a0verf\u00fcgt \u00fcber\u00a0<strong>2 neueste, erw\u00e4rmte, therapeutische Whirlpools<\/strong>. Ihre spezielle Bauart zusammen mit der richtigen Ausr\u00fcstung (elektronischer Heber \u2013 kleiner Kran, Unterst\u00fctzungs- und Widerstandsger\u00e4t, Jacuzzi) versichert ihre einfache Benutzung von allen Patienten unabh\u00e4ngig von Erkrankung oder Alter.<\/p>\n<p>Unser angenehmer und funktioneller Raum versichert eine ausgezeichnete Beziehung zwischen dem Therapeut und dem Patient, was der Schl\u00fcssel zum Rehabilitationserfolg ist.<\/p>\n<p>Das Rehabilitationsteam plant das Hydrotherapieprogramm gem\u00e4\u00df den Bed\u00fcrfnissen und Zielen jedes Patienten.<\/p>\n<\/div><div class=\"fusion-clearfix\"><\/div><\/div><\/div><div class=\"fusion-layout-column fusion_builder_column fusion-builder-column-1 fusion_builder_column_1_4 1_4 fusion-one-fourth fusion-column-last\" style=\"--awb-bg-size:cover;width:25%;width:calc(25% - ( ( 5% ) * 0.25 ) );\"><div class=\"fusion-column-wrapper fusion-flex-column-wrapper-legacy\"><div class=\"fusion-text fusion-text-2\"><h4 style=\"text-align: left;\">Dienstleistungen<\/h4>\n<\/div><div class=\"fusion-sep-clear\"><\/div><div class=\"fusion-separator fusion-clearfix\" style=\"float:left;margin-top:0px;margin-bottom:30px;width:100%;max-width:280px;\"><div class=\"fusion-separator-border sep-single sep-solid\" style=\"--awb-height:20px;--awb-amount:20px;--awb-sep-color:#d1d1d1;border-color:#d1d1d1;border-top-width:2px;\"><\/div><\/div><div class=\"fusion-sep-clear\"><\/div><div class=\"fusion-widget-area awb-widget-area-element fusion-widget-area-1 fusion-content-widget-area\" style=\"--awb-title-size:18px;--awb-title-color:#333c4e;--awb-padding:0px 0px 0px 0px;\"><style type=\"text\/css\" data-id=\"avada-vertical-menu-widget-3\">#avada-vertical-menu-widget-3 > ul.menu { margin-top: -8px; }<\/style><div id=\"avada-vertical-menu-widget-3\" class=\"widget avada_vertical_menu\"><style>#fusion-vertical-menu-widget-avada-vertical-menu-widget-3-nav ul.menu li a {font-size:14px;}<\/style><nav id=\"fusion-vertical-menu-widget-avada-vertical-menu-widget-3-nav\" class=\"fusion-vertical-menu-widget fusion-menu click left no-border\" aria-label=\"Secondary Navigation: \"><ul id=\"menu-ypiresies_side_de\" class=\"menu\"><li id=\"menu-item-14908\" class=\"menu-item menu-item-type-post_type menu-item-object-page menu-item-has-children menu-item-14908\"><a href=\"https:\/\/animus.com.gr\/de\/dienstleistungen\/station-fuer-stationaere-behandlung\/\"><span class=\"link-text\"> Station f\u00fcr station\u00e4re Behandlung<\/span><span class=\"arrow\"><\/span><\/a><ul class=\"sub-menu\"><li id=\"menu-item-14911\" class=\"menu-item menu-item-type-post_type menu-item-object-page menu-item-14911\"><a href=\"https:\/\/animus.com.gr\/de\/dienstleistungen\/station-fuer-stationaere-behandlung\/medizinische-dienstleistungen\/\"><span class=\"link-text\"> Medizinische Dienstleistungen<\/span><span class=\"arrow\"><\/span><\/a><\/li><li id=\"menu-item-14912\" class=\"menu-item menu-item-type-post_type menu-item-object-page menu-item-has-children menu-item-14912\"><a href=\"https:\/\/animus.com.gr\/de\/dienstleistungen\/station-fuer-stationaere-behandlung\/therapeutische-abteilungen\/\"><span class=\"link-text\"> Therapeutische Abteilungen<\/span><span class=\"arrow\"><\/span><\/a><ul class=\"sub-menu\"><li id=\"menu-item-14918\" class=\"menu-item menu-item-type-post_type menu-item-object-page menu-item-14918\"><a href=\"https:\/\/animus.com.gr\/de\/dienstleistungen\/station-fuer-stationaere-behandlung\/therapeutische-abteilungen\/physiotherapie\/\"><span class=\"link-text\"> Physiotherapie<\/span><span class=\"arrow\"><\/span><\/a><\/li><li id=\"menu-item-14915\" class=\"menu-item menu-item-type-post_type menu-item-object-page menu-item-14915\"><a href=\"https:\/\/animus.com.gr\/de\/dienstleistungen\/station-fuer-stationaere-behandlung\/therapeutische-abteilungen\/hydrotherapie-therapeutische-whirlpools\/\"><span class=\"link-text\"> Hydrotherapie \u2013 Therapeutische Whirlpools<\/span><span class=\"arrow\"><\/span><\/a><\/li><li id=\"menu-item-14916\" class=\"menu-item menu-item-type-post_type menu-item-object-page menu-item-14916\"><a href=\"https:\/\/animus.com.gr\/de\/dienstleistungen\/station-fuer-stationaere-behandlung\/therapeutische-abteilungen\/kinderabteilung-fuer-neurologische-entwicklungsbehandlung\/\"><span class=\"link-text\"> Kinderabteilung f\u00fcr neurologische Entwicklungsbehandlung<\/span><span class=\"arrow\"><\/span><\/a><\/li><li id=\"menu-item-14914\" class=\"menu-item menu-item-type-post_type menu-item-object-page menu-item-14914\"><a href=\"https:\/\/animus.com.gr\/de\/dienstleistungen\/station-fuer-stationaere-behandlung\/therapeutische-abteilungen\/ergotherapie\/\"><span class=\"link-text\"> Ergotherapie<\/span><span class=\"arrow\"><\/span><\/a><\/li><li id=\"menu-item-14917\" class=\"menu-item menu-item-type-post_type menu-item-object-page menu-item-14917\"><a href=\"https:\/\/animus.com.gr\/de\/dienstleistungen\/station-fuer-stationaere-behandlung\/therapeutische-abteilungen\/logopaedie\/\"><span class=\"link-text\"> Logop\u00e4die<\/span><span class=\"arrow\"><\/span><\/a><\/li><li id=\"menu-item-14913\" class=\"menu-item menu-item-type-post_type menu-item-object-page menu-item-14913\"><a href=\"https:\/\/animus.com.gr\/de\/dienstleistungen\/station-fuer-stationaere-behandlung\/therapeutische-abteilungen\/abteilung-fuer-psychologische-unterstuetzung\/\"><span class=\"link-text\"> Abteilung f\u00fcr psychologische Unterst\u00fctzung<\/span><span class=\"arrow\"><\/span><\/a><\/li><li id=\"menu-item-14919\" class=\"menu-item menu-item-type-post_type menu-item-object-page menu-item-14919\"><a href=\"https:\/\/animus.com.gr\/de\/dienstleistungen\/station-fuer-stationaere-behandlung\/therapeutische-abteilungen\/sozialdienstabteilung\/\"><span class=\"link-text\"> Sozialdienstabteilung<\/span><span class=\"arrow\"><\/span><\/a><\/li><\/ul><\/li><li id=\"menu-item-14909\" class=\"menu-item menu-item-type-post_type menu-item-object-page menu-item-14909\"><a href=\"https:\/\/animus.com.gr\/de\/dienstleistungen\/station-fuer-stationaere-behandlung\/diagnostische-dienstleistungen\/\"><span class=\"link-text\"> Diagnostische Dienstleistungen<\/span><span class=\"arrow\"><\/span><\/a><\/li><li id=\"menu-item-14910\" class=\"menu-item menu-item-type-post_type menu-item-object-page menu-item-14910\"><a href=\"https:\/\/animus.com.gr\/de\/dienstleistungen\/station-fuer-stationaere-behandlung\/intensivpflegeabteilung\/\"><span class=\"link-text\"> Intensivpflegeabteilung<\/span><span class=\"arrow\"><\/span><\/a><\/li><\/ul><\/li><li id=\"menu-item-14907\" class=\"menu-item menu-item-type-post_type menu-item-object-page menu-item-14907\"><a href=\"https:\/\/animus.com.gr\/de\/dienstleistungen\/station-fuer-ambulante-behandlung\/\"><span class=\"link-text\"> Station f\u00fcr ambulante Behandlung<\/span><span class=\"arrow\"><\/span><\/a><\/li><\/ul><\/nav><\/div><div class=\"fusion-additional-widget-content\"><\/div><\/div><div class=\"fusion-clearfix\"><\/div><\/div><\/div><\/div><\/div>\n","protected":false},"excerpt":{"rendered":"","protected":false},"author":1,"featured_media":0,"parent":14851,"menu_order":0,"comment_status":"closed","ping_status":"closed","template":"100-width.php","meta":{"footnotes":""},"class_list":["post-14856","page","type-page","status-publish","hentry"],"yoast_head":"<!-- This site is optimized with the Yoast SEO plugin v24.8.1 - https:\/\/yoast.com\/wordpress\/plugins\/seo\/ -->\n<title>Hydrotherapie \u2013 Therapeutische Whirlpools - Animus<\/title>\n<meta name=\"robots\" content=\"index, follow, max-snippet:-1, max-image-preview:large, max-video-preview:-1\" \/>\n<link rel=\"canonical\" href=\"https:\/\/animus.com.gr\/de\/dienstleistungen\/station-fuer-stationaere-behandlung\/therapeutische-abteilungen\/hydrotherapie-therapeutische-whirlpools\/\" \/>\n<meta property=\"og:locale\" content=\"de_DE\" \/>\n<meta property=\"og:type\" content=\"article\" \/>\n<meta property=\"og:title\" content=\"Hydrotherapie \u2013 Therapeutische Whirlpools - Animus\" \/>\n<meta property=\"og:url\" content=\"https:\/\/animus.com.gr\/de\/dienstleistungen\/station-fuer-stationaere-behandlung\/therapeutische-abteilungen\/hydrotherapie-therapeutische-whirlpools\/\" \/>\n<meta property=\"og:site_name\" content=\"Animus\" \/>\n<meta property=\"article:modified_time\" content=\"2018-10-30T23:25:18+00:00\" \/>\n<meta name=\"twitter:card\" content=\"summary_large_image\" \/>\n<meta name=\"twitter:label1\" content=\"Gesch\u00e4tzte Lesezeit\" \/>\n\t<meta name=\"twitter:data1\" content=\"3\u00a0Minuten\" \/>\n<script type=\"application\/ld+json\" class=\"yoast-schema-graph\">{\"@context\":\"https:\/\/schema.org\",\"@graph\":[{\"@type\":\"WebPage\",\"@id\":\"https:\/\/animus.com.gr\/de\/dienstleistungen\/station-fuer-stationaere-behandlung\/therapeutische-abteilungen\/hydrotherapie-therapeutische-whirlpools\/\",\"url\":\"https:\/\/animus.com.gr\/de\/dienstleistungen\/station-fuer-stationaere-behandlung\/therapeutische-abteilungen\/hydrotherapie-therapeutische-whirlpools\/\",\"name\":\"Hydrotherapie \u2013 Therapeutische Whirlpools - Animus\",\"isPartOf\":{\"@id\":\"https:\/\/animus.com.gr\/#website\"},\"datePublished\":\"2018-10-30T23:21:29+00:00\",\"dateModified\":\"2018-10-30T23:25:18+00:00\",\"breadcrumb\":{\"@id\":\"https:\/\/animus.com.gr\/de\/dienstleistungen\/station-fuer-stationaere-behandlung\/therapeutische-abteilungen\/hydrotherapie-therapeutische-whirlpools\/#breadcrumb\"},\"inLanguage\":\"de\",\"potentialAction\":[{\"@type\":\"ReadAction\",\"target\":[\"https:\/\/animus.com.gr\/de\/dienstleistungen\/station-fuer-stationaere-behandlung\/therapeutische-abteilungen\/hydrotherapie-therapeutische-whirlpools\/\"]}]},{\"@type\":\"BreadcrumbList\",\"@id\":\"https:\/\/animus.com.gr\/de\/dienstleistungen\/station-fuer-stationaere-behandlung\/therapeutische-abteilungen\/hydrotherapie-therapeutische-whirlpools\/#breadcrumb\",\"itemListElement\":[{\"@type\":\"ListItem\",\"position\":1,\"name\":\"Home\",\"item\":\"https:\/\/animus.com.gr\/de\/\"},{\"@type\":\"ListItem\",\"position\":2,\"name\":\"Dienstleistungen\",\"item\":\"https:\/\/animus.com.gr\/de\/dienstleistungen\/\"},{\"@type\":\"ListItem\",\"position\":3,\"name\":\"Station f\u00fcr station\u00e4re Behandlung\",\"item\":\"https:\/\/animus.com.gr\/de\/dienstleistungen\/station-fuer-stationaere-behandlung\/\"},{\"@type\":\"ListItem\",\"position\":4,\"name\":\"Therapeutische Abteilungen\",\"item\":\"https:\/\/animus.com.gr\/de\/dienstleistungen\/station-fuer-stationaere-behandlung\/therapeutische-abteilungen\/\"},{\"@type\":\"ListItem\",\"position\":5,\"name\":\"Hydrotherapie \u2013 Therapeutische Whirlpools\"}]},{\"@type\":\"WebSite\",\"@id\":\"https:\/\/animus.com.gr\/#website\",\"url\":\"https:\/\/animus.com.gr\/\",\"name\":\"Animus\",\"description\":\"\u039a\u03ad\u03bd\u03c4\u03c1\u03bf \u0391\u03c0\u03bf\u03ba\u03b1\u03c4\u03ac\u03c3\u03c4\u03b1\u03c3\u03b7\u03c2 &amp; \u0391\u03c0\u03bf\u03b8\u03b5\u03c1\u03b1\u03c0\u03b5\u03af\u03b1\u03c2\",\"potentialAction\":[{\"@type\":\"SearchAction\",\"target\":{\"@type\":\"EntryPoint\",\"urlTemplate\":\"https:\/\/animus.com.gr\/?s={search_term_string}\"},\"query-input\":{\"@type\":\"PropertyValueSpecification\",\"valueRequired\":true,\"valueName\":\"search_term_string\"}}],\"inLanguage\":\"de\"}]}<\/script>\n<!-- \/ Yoast SEO plugin. -->","yoast_head_json":{"title":"Hydrotherapie \u2013 Therapeutische Whirlpools - Animus","robots":{"index":"index","follow":"follow","max-snippet":"max-snippet:-1","max-image-preview":"max-image-preview:large","max-video-preview":"max-video-preview:-1"},"canonical":"https:\/\/animus.com.gr\/de\/dienstleistungen\/station-fuer-stationaere-behandlung\/therapeutische-abteilungen\/hydrotherapie-therapeutische-whirlpools\/","og_locale":"de_DE","og_type":"article","og_title":"Hydrotherapie \u2013 Therapeutische Whirlpools - Animus","og_url":"https:\/\/animus.com.gr\/de\/dienstleistungen\/station-fuer-stationaere-behandlung\/therapeutische-abteilungen\/hydrotherapie-therapeutische-whirlpools\/","og_site_name":"Animus","article_modified_time":"2018-10-30T23:25:18+00:00","twitter_card":"summary_large_image","twitter_misc":{"Gesch\u00e4tzte Lesezeit":"3\u00a0Minuten"},"schema":{"@context":"https:\/\/schema.org","@graph":[{"@type":"WebPage","@id":"https:\/\/animus.com.gr\/de\/dienstleistungen\/station-fuer-stationaere-behandlung\/therapeutische-abteilungen\/hydrotherapie-therapeutische-whirlpools\/","url":"https:\/\/animus.com.gr\/de\/dienstleistungen\/station-fuer-stationaere-behandlung\/therapeutische-abteilungen\/hydrotherapie-therapeutische-whirlpools\/","name":"Hydrotherapie \u2013 Therapeutische Whirlpools - Animus","isPartOf":{"@id":"https:\/\/animus.com.gr\/#website"},"datePublished":"2018-10-30T23:21:29+00:00","dateModified":"2018-10-30T23:25:18+00:00","breadcrumb":{"@id":"https:\/\/animus.com.gr\/de\/dienstleistungen\/station-fuer-stationaere-behandlung\/therapeutische-abteilungen\/hydrotherapie-therapeutische-whirlpools\/#breadcrumb"},"inLanguage":"de","potentialAction":[{"@type":"ReadAction","target":["https:\/\/animus.com.gr\/de\/dienstleistungen\/station-fuer-stationaere-behandlung\/therapeutische-abteilungen\/hydrotherapie-therapeutische-whirlpools\/"]}]},{"@type":"BreadcrumbList","@id":"https:\/\/animus.com.gr\/de\/dienstleistungen\/station-fuer-stationaere-behandlung\/therapeutische-abteilungen\/hydrotherapie-therapeutische-whirlpools\/#breadcrumb","itemListElement":[{"@type":"ListItem","position":1,"name":"Home","item":"https:\/\/animus.com.gr\/de\/"},{"@type":"ListItem","position":2,"name":"Dienstleistungen","item":"https:\/\/animus.com.gr\/de\/dienstleistungen\/"},{"@type":"ListItem","position":3,"name":"Station f\u00fcr station\u00e4re Behandlung","item":"https:\/\/animus.com.gr\/de\/dienstleistungen\/station-fuer-stationaere-behandlung\/"},{"@type":"ListItem","position":4,"name":"Therapeutische Abteilungen","item":"https:\/\/animus.com.gr\/de\/dienstleistungen\/station-fuer-stationaere-behandlung\/therapeutische-abteilungen\/"},{"@type":"ListItem","position":5,"name":"Hydrotherapie \u2013 Therapeutische Whirlpools"}]},{"@type":"WebSite","@id":"https:\/\/animus.com.gr\/#website","url":"https:\/\/animus.com.gr\/","name":"Animus","description":"\u039a\u03ad\u03bd\u03c4\u03c1\u03bf \u0391\u03c0\u03bf\u03ba\u03b1\u03c4\u03ac\u03c3\u03c4\u03b1\u03c3\u03b7\u03c2 &amp; \u0391\u03c0\u03bf\u03b8\u03b5\u03c1\u03b1\u03c0\u03b5\u03af\u03b1\u03c2","potentialAction":[{"@type":"SearchAction","target":{"@type":"EntryPoint","urlTemplate":"https:\/\/animus.com.gr\/?s={search_term_string}"},"query-input":{"@type":"PropertyValueSpecification","valueRequired":true,"valueName":"search_term_string"}}],"inLanguage":"de"}]}},"_links":{"self":[{"href":"https:\/\/animus.com.gr\/de\/wp-json\/wp\/v2\/pages\/14856","targetHints":{"allow":["GET"]}}],"collection":[{"href":"https:\/\/animus.com.gr\/de\/wp-json\/wp\/v2\/pages"}],"about":[{"href":"https:\/\/animus.com.gr\/de\/wp-json\/wp\/v2\/types\/page"}],"author":[{"embeddable":true,"href":"https:\/\/animus.com.gr\/de\/wp-json\/wp\/v2\/users\/1"}],"replies":[{"embeddable":true,"href":"https:\/\/animus.com.gr\/de\/wp-json\/wp\/v2\/comments?post=14856"}],"version-history":[{"count":1,"href":"https:\/\/animus.com.gr\/de\/wp-json\/wp\/v2\/pages\/14856\/revisions"}],"predecessor-version":[{"id":14863,"href":"https:\/\/animus.com.gr\/de\/wp-json\/wp\/v2\/pages\/14856\/revisions\/14863"}],"up":[{"embeddable":true,"href":"https:\/\/animus.com.gr\/de\/wp-json\/wp\/v2\/pages\/14851"}],"wp:attachment":[{"href":"https:\/\/animus.com.gr\/de\/wp-json\/wp\/v2\/media?parent=14856"}],"curies":[{"name":"wp","href":"https:\/\/api.w.org\/{rel}","templated":true}]}}