{"id":14866,"date":"2018-10-31T01:44:09","date_gmt":"2018-10-30T23:44:09","guid":{"rendered":"https:\/\/animus.com.gr\/?page_id=14866"},"modified":"2018-10-31T01:44:09","modified_gmt":"2018-10-30T23:44:09","slug":"ergotherapie","status":"publish","type":"page","link":"https:\/\/animus.com.gr\/de\/dienstleistungen\/station-fuer-stationaere-behandlung\/therapeutische-abteilungen\/ergotherapie\/","title":{"rendered":"Ergotherapie"},"content":{"rendered":"<div class=\"fusion-fullwidth fullwidth-box fusion-builder-row-1 nonhundred-percent-fullwidth non-hundred-percent-height-scrolling\" style=\"--awb-border-radius-top-left:0px;--awb-border-radius-top-right:0px;--awb-border-radius-bottom-right:0px;--awb-border-radius-bottom-left:0px;--awb-padding-top:100px;--awb-padding-bottom:50px;--awb-background-color:#f7f7f7;--awb-border-sizes-top:0px;--awb-border-sizes-bottom:0px;--awb-flex-wrap:wrap;\" ><div class=\"fusion-builder-row fusion-row\"><div class=\"fusion-layout-column fusion_builder_column fusion-builder-column-0 fusion_builder_column_3_4 3_4 fusion-three-fourth fusion-column-first\" style=\"--awb-bg-size:cover;width:75%;width:calc(75% - ( ( 5% ) * 0.75 ) );margin-right: 5%;\"><div class=\"fusion-column-wrapper fusion-flex-column-wrapper-legacy\"><div class=\"fusion-text fusion-text-1\"><p>Die Ergotherapieabteilung des Rehabilitationszentrums bietet ihre Leistungen erst nach Einweisung der Betroffenen im Zentrum an.<\/p>\n<p><img decoding=\"async\" class=\"size-full wp-image-13604 aligncenter\" src=\"https:\/\/animus.com.gr\/wp-content\/uploads\/2018\/09\/ergotherapeia_6218.jpg\" alt=\"\u0395\u03c1\u03b3\u03bf\u03b8\u03b5\u03c1\u03b1\u03c0\u03b5\u03af\u03b1 ANIMUS\" width=\"900\" height=\"600\" srcset=\"https:\/\/animus.com.gr\/wp-content\/uploads\/2018\/09\/ergotherapeia_6218-200x133.jpg 200w, https:\/\/animus.com.gr\/wp-content\/uploads\/2018\/09\/ergotherapeia_6218-300x200.jpg 300w, https:\/\/animus.com.gr\/wp-content\/uploads\/2018\/09\/ergotherapeia_6218-400x267.jpg 400w, https:\/\/animus.com.gr\/wp-content\/uploads\/2018\/09\/ergotherapeia_6218-600x400.jpg 600w, https:\/\/animus.com.gr\/wp-content\/uploads\/2018\/09\/ergotherapeia_6218-768x512.jpg 768w, https:\/\/animus.com.gr\/wp-content\/uploads\/2018\/09\/ergotherapeia_6218-800x533.jpg 800w, https:\/\/animus.com.gr\/wp-content\/uploads\/2018\/09\/ergotherapeia_6218.jpg 900w\" sizes=\"(max-width: 900px) 100vw, 900px\" \/><\/p>\n<p>Unser Ziel ist es, den Personen mit besonderen Bed\u00fcrfnissen \u2013 und besonderen F\u00e4higkeiten \u2013 zu helfen, sodass sie die h\u00f6chste soziale, k\u00f6rperliche und psychologische Funktionalit\u00e4t und Unabh\u00e4ngigkeit schaffen.<\/p>\n<p><img decoding=\"async\" class=\"size-full wp-image-13602 aligncenter\" src=\"https:\/\/animus.com.gr\/wp-content\/uploads\/2018\/09\/ergotherapeia_old.jpg\" alt=\"\u0395\u03c1\u03b3\u03bf\u03b8\u03b5\u03c1\u03b1\u03c0\u03b5\u03af\u03b1 ANIMUS\" width=\"900\" height=\"600\" srcset=\"https:\/\/animus.com.gr\/wp-content\/uploads\/2018\/09\/ergotherapeia_old-200x133.jpg 200w, https:\/\/animus.com.gr\/wp-content\/uploads\/2018\/09\/ergotherapeia_old-300x200.jpg 300w, https:\/\/animus.com.gr\/wp-content\/uploads\/2018\/09\/ergotherapeia_old-400x267.jpg 400w, https:\/\/animus.com.gr\/wp-content\/uploads\/2018\/09\/ergotherapeia_old-600x400.jpg 600w, https:\/\/animus.com.gr\/wp-content\/uploads\/2018\/09\/ergotherapeia_old-768x512.jpg 768w, https:\/\/animus.com.gr\/wp-content\/uploads\/2018\/09\/ergotherapeia_old-800x533.jpg 800w, https:\/\/animus.com.gr\/wp-content\/uploads\/2018\/09\/ergotherapeia_old.jpg 900w\" sizes=\"(max-width: 900px) 100vw, 900px\" \/><\/p>\n<p>Der Ergotherapeut beurteilt die betroffene Person und bereitet \u2013 immer in Zusammenarbeit mit dem Arzt \u2013 ein personenbedingtes Programm vor; eine Beziehung zwischen dem Therapeut und dem Patient ist schon angefangen!<\/p>\n<p>Zusammen setzen sie Zielen in Bezug auf das Essen, die Kleidung und verschiedene kreative Aktivit\u00e4ten.<\/p>\n<p>Nicht nur kleine Kinder sonder auch Erwachsene finden neue Interessen in unserer bequemen und an allen Anspr\u00fcchen angepassten Umgebung, dank der richtigen Hilfsmittels und der neuesten Ausr\u00fcstung.<\/p>\n<\/div><div class=\"fusion-clearfix\"><\/div><\/div><\/div><div class=\"fusion-layout-column fusion_builder_column fusion-builder-column-1 fusion_builder_column_1_4 1_4 fusion-one-fourth fusion-column-last\" style=\"--awb-bg-size:cover;width:25%;width:calc(25% - ( ( 5% ) * 0.25 ) );\"><div class=\"fusion-column-wrapper fusion-flex-column-wrapper-legacy\"><div class=\"fusion-text fusion-text-2\"><h4 style=\"text-align: left;\">Dienstleistungen<\/h4>\n<\/div><div class=\"fusion-sep-clear\"><\/div><div class=\"fusion-separator fusion-clearfix\" style=\"float:left;margin-top:0px;margin-bottom:30px;width:100%;max-width:280px;\"><div class=\"fusion-separator-border sep-single sep-solid\" style=\"--awb-height:20px;--awb-amount:20px;--awb-sep-color:#d1d1d1;border-color:#d1d1d1;border-top-width:2px;\"><\/div><\/div><div class=\"fusion-sep-clear\"><\/div><div class=\"fusion-widget-area awb-widget-area-element fusion-widget-area-1 fusion-content-widget-area\" style=\"--awb-title-size:18px;--awb-title-color:#333c4e;--awb-padding:0px 0px 0px 0px;\"><style type=\"text\/css\" data-id=\"avada-vertical-menu-widget-3\">#avada-vertical-menu-widget-3 > ul.menu { margin-top: -8px; }<\/style><div id=\"avada-vertical-menu-widget-3\" class=\"widget avada_vertical_menu\"><style>#fusion-vertical-menu-widget-avada-vertical-menu-widget-3-nav ul.menu li a {font-size:14px;}<\/style><nav id=\"fusion-vertical-menu-widget-avada-vertical-menu-widget-3-nav\" class=\"fusion-vertical-menu-widget fusion-menu click left no-border\" aria-label=\"Secondary Navigation: \"><ul id=\"menu-ypiresies_side_de\" class=\"menu\"><li id=\"menu-item-14908\" class=\"menu-item menu-item-type-post_type menu-item-object-page menu-item-has-children menu-item-14908\"><a href=\"https:\/\/animus.com.gr\/de\/dienstleistungen\/station-fuer-stationaere-behandlung\/\"><span class=\"link-text\"> Station f\u00fcr station\u00e4re Behandlung<\/span><span class=\"arrow\"><\/span><\/a><ul class=\"sub-menu\"><li id=\"menu-item-14911\" class=\"menu-item menu-item-type-post_type menu-item-object-page menu-item-14911\"><a href=\"https:\/\/animus.com.gr\/de\/dienstleistungen\/station-fuer-stationaere-behandlung\/medizinische-dienstleistungen\/\"><span class=\"link-text\"> Medizinische Dienstleistungen<\/span><span class=\"arrow\"><\/span><\/a><\/li><li id=\"menu-item-14912\" class=\"menu-item menu-item-type-post_type menu-item-object-page menu-item-has-children menu-item-14912\"><a href=\"https:\/\/animus.com.gr\/de\/dienstleistungen\/station-fuer-stationaere-behandlung\/therapeutische-abteilungen\/\"><span class=\"link-text\"> Therapeutische Abteilungen<\/span><span class=\"arrow\"><\/span><\/a><ul class=\"sub-menu\"><li id=\"menu-item-14918\" class=\"menu-item menu-item-type-post_type menu-item-object-page menu-item-14918\"><a href=\"https:\/\/animus.com.gr\/de\/dienstleistungen\/station-fuer-stationaere-behandlung\/therapeutische-abteilungen\/physiotherapie\/\"><span class=\"link-text\"> Physiotherapie<\/span><span class=\"arrow\"><\/span><\/a><\/li><li id=\"menu-item-14915\" class=\"menu-item menu-item-type-post_type menu-item-object-page menu-item-14915\"><a href=\"https:\/\/animus.com.gr\/de\/dienstleistungen\/station-fuer-stationaere-behandlung\/therapeutische-abteilungen\/hydrotherapie-therapeutische-whirlpools\/\"><span class=\"link-text\"> Hydrotherapie \u2013 Therapeutische Whirlpools<\/span><span class=\"arrow\"><\/span><\/a><\/li><li id=\"menu-item-14916\" class=\"menu-item menu-item-type-post_type menu-item-object-page menu-item-14916\"><a href=\"https:\/\/animus.com.gr\/de\/dienstleistungen\/station-fuer-stationaere-behandlung\/therapeutische-abteilungen\/kinderabteilung-fuer-neurologische-entwicklungsbehandlung\/\"><span class=\"link-text\"> Kinderabteilung f\u00fcr neurologische Entwicklungsbehandlung<\/span><span class=\"arrow\"><\/span><\/a><\/li><li id=\"menu-item-14914\" class=\"menu-item menu-item-type-post_type menu-item-object-page menu-item-14914\"><a href=\"https:\/\/animus.com.gr\/de\/dienstleistungen\/station-fuer-stationaere-behandlung\/therapeutische-abteilungen\/ergotherapie\/\"><span class=\"link-text\"> Ergotherapie<\/span><span class=\"arrow\"><\/span><\/a><\/li><li id=\"menu-item-14917\" class=\"menu-item menu-item-type-post_type menu-item-object-page menu-item-14917\"><a href=\"https:\/\/animus.com.gr\/de\/dienstleistungen\/station-fuer-stationaere-behandlung\/therapeutische-abteilungen\/logopaedie\/\"><span class=\"link-text\"> Logop\u00e4die<\/span><span class=\"arrow\"><\/span><\/a><\/li><li id=\"menu-item-14913\" class=\"menu-item menu-item-type-post_type menu-item-object-page menu-item-14913\"><a href=\"https:\/\/animus.com.gr\/de\/dienstleistungen\/station-fuer-stationaere-behandlung\/therapeutische-abteilungen\/abteilung-fuer-psychologische-unterstuetzung\/\"><span class=\"link-text\"> Abteilung f\u00fcr psychologische Unterst\u00fctzung<\/span><span class=\"arrow\"><\/span><\/a><\/li><li id=\"menu-item-14919\" class=\"menu-item menu-item-type-post_type menu-item-object-page menu-item-14919\"><a href=\"https:\/\/animus.com.gr\/de\/dienstleistungen\/station-fuer-stationaere-behandlung\/therapeutische-abteilungen\/sozialdienstabteilung\/\"><span class=\"link-text\"> Sozialdienstabteilung<\/span><span class=\"arrow\"><\/span><\/a><\/li><\/ul><\/li><li id=\"menu-item-14909\" class=\"menu-item menu-item-type-post_type menu-item-object-page menu-item-14909\"><a href=\"https:\/\/animus.com.gr\/de\/dienstleistungen\/station-fuer-stationaere-behandlung\/diagnostische-dienstleistungen\/\"><span class=\"link-text\"> Diagnostische Dienstleistungen<\/span><span class=\"arrow\"><\/span><\/a><\/li><li id=\"menu-item-14910\" class=\"menu-item menu-item-type-post_type menu-item-object-page menu-item-14910\"><a href=\"https:\/\/animus.com.gr\/de\/dienstleistungen\/station-fuer-stationaere-behandlung\/intensivpflegeabteilung\/\"><span class=\"link-text\"> Intensivpflegeabteilung<\/span><span class=\"arrow\"><\/span><\/a><\/li><\/ul><\/li><li id=\"menu-item-14907\" class=\"menu-item menu-item-type-post_type menu-item-object-page menu-item-14907\"><a href=\"https:\/\/animus.com.gr\/de\/dienstleistungen\/station-fuer-ambulante-behandlung\/\"><span class=\"link-text\"> Station f\u00fcr ambulante Behandlung<\/span><span class=\"arrow\"><\/span><\/a><\/li><\/ul><\/nav><\/div><div class=\"fusion-additional-widget-content\"><\/div><\/div><div class=\"fusion-clearfix\"><\/div><\/div><\/div><\/div><\/div>\n","protected":false},"excerpt":{"rendered":"","protected":false},"author":1,"featured_media":0,"parent":14851,"menu_order":0,"comment_status":"closed","ping_status":"closed","template":"100-width.php","meta":{"footnotes":""},"class_list":["post-14866","page","type-page","status-publish","hentry"],"yoast_head":"<!-- This site is optimized with the Yoast SEO plugin v24.8.1 - https:\/\/yoast.com\/wordpress\/plugins\/seo\/ -->\n<title>Ergotherapie - Animus<\/title>\n<meta name=\"robots\" content=\"index, follow, max-snippet:-1, max-image-preview:large, max-video-preview:-1\" \/>\n<link rel=\"canonical\" href=\"https:\/\/animus.com.gr\/de\/dienstleistungen\/station-fuer-stationaere-behandlung\/therapeutische-abteilungen\/ergotherapie\/\" \/>\n<meta property=\"og:locale\" content=\"de_DE\" \/>\n<meta property=\"og:type\" content=\"article\" \/>\n<meta property=\"og:title\" content=\"Ergotherapie - Animus\" \/>\n<meta property=\"og:url\" content=\"https:\/\/animus.com.gr\/de\/dienstleistungen\/station-fuer-stationaere-behandlung\/therapeutische-abteilungen\/ergotherapie\/\" \/>\n<meta property=\"og:site_name\" content=\"Animus\" \/>\n<meta property=\"og:image\" content=\"https:\/\/animus.com.gr\/wp-content\/uploads\/2018\/09\/ergotherapeia_6218.jpg\" \/>\n<meta name=\"twitter:card\" content=\"summary_large_image\" \/>\n<meta name=\"twitter:label1\" content=\"Gesch\u00e4tzte Lesezeit\" \/>\n\t<meta name=\"twitter:data1\" content=\"2\u00a0Minuten\" \/>\n<script type=\"application\/ld+json\" class=\"yoast-schema-graph\">{\"@context\":\"https:\/\/schema.org\",\"@graph\":[{\"@type\":\"WebPage\",\"@id\":\"https:\/\/animus.com.gr\/de\/dienstleistungen\/station-fuer-stationaere-behandlung\/therapeutische-abteilungen\/ergotherapie\/\",\"url\":\"https:\/\/animus.com.gr\/de\/dienstleistungen\/station-fuer-stationaere-behandlung\/therapeutische-abteilungen\/ergotherapie\/\",\"name\":\"Ergotherapie - Animus\",\"isPartOf\":{\"@id\":\"https:\/\/animus.com.gr\/#website\"},\"primaryImageOfPage\":{\"@id\":\"https:\/\/animus.com.gr\/de\/dienstleistungen\/station-fuer-stationaere-behandlung\/therapeutische-abteilungen\/ergotherapie\/#primaryimage\"},\"image\":{\"@id\":\"https:\/\/animus.com.gr\/de\/dienstleistungen\/station-fuer-stationaere-behandlung\/therapeutische-abteilungen\/ergotherapie\/#primaryimage\"},\"thumbnailUrl\":\"https:\/\/animus.com.gr\/wp-content\/uploads\/2018\/09\/ergotherapeia_6218.jpg\",\"datePublished\":\"2018-10-30T23:44:09+00:00\",\"breadcrumb\":{\"@id\":\"https:\/\/animus.com.gr\/de\/dienstleistungen\/station-fuer-stationaere-behandlung\/therapeutische-abteilungen\/ergotherapie\/#breadcrumb\"},\"inLanguage\":\"de\",\"potentialAction\":[{\"@type\":\"ReadAction\",\"target\":[\"https:\/\/animus.com.gr\/de\/dienstleistungen\/station-fuer-stationaere-behandlung\/therapeutische-abteilungen\/ergotherapie\/\"]}]},{\"@type\":\"ImageObject\",\"inLanguage\":\"de\",\"@id\":\"https:\/\/animus.com.gr\/de\/dienstleistungen\/station-fuer-stationaere-behandlung\/therapeutische-abteilungen\/ergotherapie\/#primaryimage\",\"url\":\"https:\/\/animus.com.gr\/wp-content\/uploads\/2018\/09\/ergotherapeia_6218.jpg\",\"contentUrl\":\"https:\/\/animus.com.gr\/wp-content\/uploads\/2018\/09\/ergotherapeia_6218.jpg\"},{\"@type\":\"BreadcrumbList\",\"@id\":\"https:\/\/animus.com.gr\/de\/dienstleistungen\/station-fuer-stationaere-behandlung\/therapeutische-abteilungen\/ergotherapie\/#breadcrumb\",\"itemListElement\":[{\"@type\":\"ListItem\",\"position\":1,\"name\":\"Home\",\"item\":\"https:\/\/animus.com.gr\/de\/\"},{\"@type\":\"ListItem\",\"position\":2,\"name\":\"Dienstleistungen\",\"item\":\"https:\/\/animus.com.gr\/de\/dienstleistungen\/\"},{\"@type\":\"ListItem\",\"position\":3,\"name\":\"Station f\u00fcr station\u00e4re Behandlung\",\"item\":\"https:\/\/animus.com.gr\/de\/dienstleistungen\/station-fuer-stationaere-behandlung\/\"},{\"@type\":\"ListItem\",\"position\":4,\"name\":\"Therapeutische Abteilungen\",\"item\":\"https:\/\/animus.com.gr\/de\/dienstleistungen\/station-fuer-stationaere-behandlung\/therapeutische-abteilungen\/\"},{\"@type\":\"ListItem\",\"position\":5,\"name\":\"Ergotherapie\"}]},{\"@type\":\"WebSite\",\"@id\":\"https:\/\/animus.com.gr\/#website\",\"url\":\"https:\/\/animus.com.gr\/\",\"name\":\"Animus\",\"description\":\"\u039a\u03ad\u03bd\u03c4\u03c1\u03bf \u0391\u03c0\u03bf\u03ba\u03b1\u03c4\u03ac\u03c3\u03c4\u03b1\u03c3\u03b7\u03c2 &amp; \u0391\u03c0\u03bf\u03b8\u03b5\u03c1\u03b1\u03c0\u03b5\u03af\u03b1\u03c2\",\"potentialAction\":[{\"@type\":\"SearchAction\",\"target\":{\"@type\":\"EntryPoint\",\"urlTemplate\":\"https:\/\/animus.com.gr\/?s={search_term_string}\"},\"query-input\":{\"@type\":\"PropertyValueSpecification\",\"valueRequired\":true,\"valueName\":\"search_term_string\"}}],\"inLanguage\":\"de\"}]}<\/script>\n<!-- \/ Yoast SEO plugin. -->","yoast_head_json":{"title":"Ergotherapie - Animus","robots":{"index":"index","follow":"follow","max-snippet":"max-snippet:-1","max-image-preview":"max-image-preview:large","max-video-preview":"max-video-preview:-1"},"canonical":"https:\/\/animus.com.gr\/de\/dienstleistungen\/station-fuer-stationaere-behandlung\/therapeutische-abteilungen\/ergotherapie\/","og_locale":"de_DE","og_type":"article","og_title":"Ergotherapie - Animus","og_url":"https:\/\/animus.com.gr\/de\/dienstleistungen\/station-fuer-stationaere-behandlung\/therapeutische-abteilungen\/ergotherapie\/","og_site_name":"Animus","og_image":[{"url":"https:\/\/animus.com.gr\/wp-content\/uploads\/2018\/09\/ergotherapeia_6218.jpg","type":"","width":"","height":""}],"twitter_card":"summary_large_image","twitter_misc":{"Gesch\u00e4tzte Lesezeit":"2\u00a0Minuten"},"schema":{"@context":"https:\/\/schema.org","@graph":[{"@type":"WebPage","@id":"https:\/\/animus.com.gr\/de\/dienstleistungen\/station-fuer-stationaere-behandlung\/therapeutische-abteilungen\/ergotherapie\/","url":"https:\/\/animus.com.gr\/de\/dienstleistungen\/station-fuer-stationaere-behandlung\/therapeutische-abteilungen\/ergotherapie\/","name":"Ergotherapie - Animus","isPartOf":{"@id":"https:\/\/animus.com.gr\/#website"},"primaryImageOfPage":{"@id":"https:\/\/animus.com.gr\/de\/dienstleistungen\/station-fuer-stationaere-behandlung\/therapeutische-abteilungen\/ergotherapie\/#primaryimage"},"image":{"@id":"https:\/\/animus.com.gr\/de\/dienstleistungen\/station-fuer-stationaere-behandlung\/therapeutische-abteilungen\/ergotherapie\/#primaryimage"},"thumbnailUrl":"https:\/\/animus.com.gr\/wp-content\/uploads\/2018\/09\/ergotherapeia_6218.jpg","datePublished":"2018-10-30T23:44:09+00:00","breadcrumb":{"@id":"https:\/\/animus.com.gr\/de\/dienstleistungen\/station-fuer-stationaere-behandlung\/therapeutische-abteilungen\/ergotherapie\/#breadcrumb"},"inLanguage":"de","potentialAction":[{"@type":"ReadAction","target":["https:\/\/animus.com.gr\/de\/dienstleistungen\/station-fuer-stationaere-behandlung\/therapeutische-abteilungen\/ergotherapie\/"]}]},{"@type":"ImageObject","inLanguage":"de","@id":"https:\/\/animus.com.gr\/de\/dienstleistungen\/station-fuer-stationaere-behandlung\/therapeutische-abteilungen\/ergotherapie\/#primaryimage","url":"https:\/\/animus.com.gr\/wp-content\/uploads\/2018\/09\/ergotherapeia_6218.jpg","contentUrl":"https:\/\/animus.com.gr\/wp-content\/uploads\/2018\/09\/ergotherapeia_6218.jpg"},{"@type":"BreadcrumbList","@id":"https:\/\/animus.com.gr\/de\/dienstleistungen\/station-fuer-stationaere-behandlung\/therapeutische-abteilungen\/ergotherapie\/#breadcrumb","itemListElement":[{"@type":"ListItem","position":1,"name":"Home","item":"https:\/\/animus.com.gr\/de\/"},{"@type":"ListItem","position":2,"name":"Dienstleistungen","item":"https:\/\/animus.com.gr\/de\/dienstleistungen\/"},{"@type":"ListItem","position":3,"name":"Station f\u00fcr station\u00e4re Behandlung","item":"https:\/\/animus.com.gr\/de\/dienstleistungen\/station-fuer-stationaere-behandlung\/"},{"@type":"ListItem","position":4,"name":"Therapeutische Abteilungen","item":"https:\/\/animus.com.gr\/de\/dienstleistungen\/station-fuer-stationaere-behandlung\/therapeutische-abteilungen\/"},{"@type":"ListItem","position":5,"name":"Ergotherapie"}]},{"@type":"WebSite","@id":"https:\/\/animus.com.gr\/#website","url":"https:\/\/animus.com.gr\/","name":"Animus","description":"\u039a\u03ad\u03bd\u03c4\u03c1\u03bf \u0391\u03c0\u03bf\u03ba\u03b1\u03c4\u03ac\u03c3\u03c4\u03b1\u03c3\u03b7\u03c2 &amp; \u0391\u03c0\u03bf\u03b8\u03b5\u03c1\u03b1\u03c0\u03b5\u03af\u03b1\u03c2","potentialAction":[{"@type":"SearchAction","target":{"@type":"EntryPoint","urlTemplate":"https:\/\/animus.com.gr\/?s={search_term_string}"},"query-input":{"@type":"PropertyValueSpecification","valueRequired":true,"valueName":"search_term_string"}}],"inLanguage":"de"}]}},"_links":{"self":[{"href":"https:\/\/animus.com.gr\/de\/wp-json\/wp\/v2\/pages\/14866","targetHints":{"allow":["GET"]}}],"collection":[{"href":"https:\/\/animus.com.gr\/de\/wp-json\/wp\/v2\/pages"}],"about":[{"href":"https:\/\/animus.com.gr\/de\/wp-json\/wp\/v2\/types\/page"}],"author":[{"embeddable":true,"href":"https:\/\/animus.com.gr\/de\/wp-json\/wp\/v2\/users\/1"}],"replies":[{"embeddable":true,"href":"https:\/\/animus.com.gr\/de\/wp-json\/wp\/v2\/comments?post=14866"}],"version-history":[{"count":1,"href":"https:\/\/animus.com.gr\/de\/wp-json\/wp\/v2\/pages\/14866\/revisions"}],"predecessor-version":[{"id":14875,"href":"https:\/\/animus.com.gr\/de\/wp-json\/wp\/v2\/pages\/14866\/revisions\/14875"}],"up":[{"embeddable":true,"href":"https:\/\/animus.com.gr\/de\/wp-json\/wp\/v2\/pages\/14851"}],"wp:attachment":[{"href":"https:\/\/animus.com.gr\/de\/wp-json\/wp\/v2\/media?parent=14866"}],"curies":[{"name":"wp","href":"https:\/\/api.w.org\/{rel}","templated":true}]}}